{"id":147,"date":"2023-02-17T14:51:10","date_gmt":"2023-02-17T14:51:10","guid":{"rendered":"http:\/\/weissfeld.de\/?page_id=147"},"modified":"2025-06-04T08:47:25","modified_gmt":"2025-06-04T08:47:25","slug":"impressum","status":"publish","type":"page","link":"https:\/\/weissfeld.de\/en\/impressum\/","title":{"rendered":"Imprint"},"content":{"rendered":"<h2 class=\"wp-block-heading\" id=\"h-angaben-gemass-5-tmg\">Anbieterangaben<\/h2>\n\n\n\n<p>Oliver Weisskopf<br>Oliver Weisskopf Medienproduktion<br>Richrather Stra\u00dfe 48<br>40723 Hilden<\/p>\n\n\n\n<h2 class=\"wp-block-heading\">Contact<\/h2>\n\n\n\n<p>Telefon: +49 15776395344<br>E-Mail: oliver.weisskopf@oliwe-films.de<\/p>\n\n\n\n<h2 class=\"wp-block-heading\">Umsatzsteuer-ID<\/h2>\n\n\n\n<p>Umsatzsteuer-Identifikationsnummer gem\u00e4\u00df \u00a7 27 a Umsatzsteuergesetz:<br>DE341757754<\/p>\n\n\n\n<h2 class=\"wp-block-heading\">Angaben zur Berufs\u00adhaftpflicht\u00adversicherung<\/h2>\n\n\n\n<p><strong>Name und Sitz des Versicherers:<\/strong><br>AXA Versicherung AG<br>Colonia-Allee 10-20<br>51067 K\u00f6ln<br><br>Postanschrift 51171 K\u00f6ln<\/p>\n\n\n\n<p><strong>Geltungsraum der Versicherung:<\/strong><br>Deutschland<\/p>\n\n\n\n<h2 class=\"wp-block-heading\">EU-Streitschlichtung<\/h2>\n\n\n\n<p>Die Europ\u00e4ische Kommission stellt eine Plattform zur Online-Streitbeilegung (OS) bereit: <a href=\"https:\/\/ec.europa.eu\/consumers\/odr\/\" target=\"_blank\" rel=\"noreferrer noopener\">https:\/\/ec.europa.eu\/consumers\/odr\/<\/a>.<br>Unsere E-Mail-Adresse finden Sie oben im Impressum.<\/p>\n\n\n\n<h2 class=\"wp-block-heading\">Verbraucher\u00adstreit\u00adbeilegung\/Universal\u00adschlichtungs\u00adstelle<\/h2>\n\n\n\n<p>Wir sind nicht bereit oder verpflichtet, an Streitbeilegungsverfahren vor einer Verbraucherschlichtungsstelle teilzunehmen.<\/p>","protected":false},"excerpt":{"rendered":"<p>Anbieterangaben Oliver WeisskopfOliver Weisskopf MedienproduktionRichrather Stra\u00dfe 4840723 Hilden Kontakt Telefon: +49 15776395344E-Mail: oliver.weisskopf@oliwe-films.de Umsatzsteuer-ID Umsatzsteuer-Identifikationsnummer gem\u00e4\u00df \u00a7 27 a Umsatzsteuergesetz:DE341757754 Angaben zur Berufs\u00adhaftpflicht\u00adversicherung Name und Sitz des Versicherers:AXA Versicherung AGColonia-Allee 10-2051067 K\u00f6ln Postanschrift 51171 K\u00f6ln Geltungsraum der Versicherung:Deutschland EU-Streitschlichtung Die Europ\u00e4ische Kommission stellt eine Plattform zur Online-Streitbeilegung (OS) bereit: https:\/\/ec.europa.eu\/consumers\/odr\/.Unsere E-Mail-Adresse finden Sie oben im [&hellip;]<\/p>\n","protected":false},"author":1,"featured_media":0,"parent":0,"menu_order":0,"comment_status":"closed","ping_status":"closed","template":"","meta":{"footnotes":""},"class_list":["post-147","page","type-page","status-publish","hentry"],"blocksy_meta":{"styles_descriptor":{"styles":{"desktop":"","tablet":"","mobile":""},"google_fonts":[],"version":6},"vertical_spacing_source":"custom","content_area_spacing":"both"},"_links":{"self":[{"href":"https:\/\/weissfeld.de\/en\/wp-json\/wp\/v2\/pages\/147","targetHints":{"allow":["GET"]}}],"collection":[{"href":"https:\/\/weissfeld.de\/en\/wp-json\/wp\/v2\/pages"}],"about":[{"href":"https:\/\/weissfeld.de\/en\/wp-json\/wp\/v2\/types\/page"}],"author":[{"embeddable":true,"href":"https:\/\/weissfeld.de\/en\/wp-json\/wp\/v2\/users\/1"}],"replies":[{"embeddable":true,"href":"https:\/\/weissfeld.de\/en\/wp-json\/wp\/v2\/comments?post=147"}],"version-history":[{"count":2,"href":"https:\/\/weissfeld.de\/en\/wp-json\/wp\/v2\/pages\/147\/revisions"}],"predecessor-version":[{"id":902,"href":"https:\/\/weissfeld.de\/en\/wp-json\/wp\/v2\/pages\/147\/revisions\/902"}],"wp:attachment":[{"href":"https:\/\/weissfeld.de\/en\/wp-json\/wp\/v2\/media?parent=147"}],"curies":[{"name":"wp","href":"https:\/\/api.w.org\/{rel}","templated":true}]}}