{"id":21,"date":"2023-02-08T14:18:48","date_gmt":"2023-02-08T14:18:48","guid":{"rendered":"http:\/\/weissfeld.de\/?page_id=21"},"modified":"2024-12-21T13:02:52","modified_gmt":"2024-12-21T13:02:52","slug":"home","status":"publish","type":"page","link":"https:\/\/weissfeld.de\/en\/","title":{"rendered":"HOME"},"content":{"rendered":"<div class=\"wp-block-group alignfull is-layout-flow wp-block-group-is-layout-flow\">\n<div class=\"wp-block-cover alignfull is-light\" style=\"min-height:540px;aspect-ratio:unset;\"><span aria-hidden=\"true\" class=\"wp-block-cover__background has-background-dim-20 has-background-dim\" style=\"background-color:#FFF\"><\/span><video class=\"wp-block-cover__video-background intrinsic-ignore\" autoplay muted loop playsinline src=\"https:\/\/weissfeld.de\/wp-content\/uploads\/2024\/05\/v.4_-_showreel_website-1080p.mp4\" data-object-fit=\"cover\"><\/video><div class=\"wp-block-cover__inner-container is-layout-flow wp-block-cover-is-layout-flow\">\n<p class=\"has-text-align-center has-large-font-size\"><\/p>\n<\/div><\/div>\n<\/div>\n\n\n\n<div class=\"wp-block-stackable-notification aligncenter stk-block-notification stk--is-dismissible stk-block stk-925918b is-style-plain\" data-v=\"2\" data-block-id=\"925918b\"><style>.stk-925918b .stk-block-notification__close-button svg{fill:var(--stk-container-background-color, #40ba7b) !important;}.stk-925918b-inner-blocks{row-gap:0px !important;}.stk-925918b {box-shadow:0px 2px 20px #99999933 !important;margin-bottom:14px !important;}.stk-925918b .stk-block-notification__content{padding-top:32px !important;padding-right:32px !important;padding-bottom:32px !important;padding-left:32px !important;}<\/style><div class=\"stk-block-notification__content stk-content-align stk-925918b-column stk-container stk-925918b-container stk--no-background stk--no-padding\"><div class=\"stk-block-content stk-inner-blocks stk-925918b-inner-blocks\">\n<div class=\"wp-block-stackable-icon stk-block-icon stk-block stk-67d26f7\" data-block-id=\"67d26f7\"><style>.stk-67d26f7 .stk--svg-wrapper .stk--inner-svg svg:last-child, .stk-67d26f7 .stk--svg-wrapper .stk--inner-svg svg:last-child :is(g, path, rect, polygon, ellipse){fill:var(--stk-container-background-color, #40ba7b) !important;}<\/style><span class=\"stk--svg-wrapper\"><div class=\"stk--inner-svg\"><svg style=\"height:0;width:0\"><defs><lineargradient id=\"linear-gradient-67d26f7\" x1=\"0\" x2=\"100%\" y1=\"0\" y2=\"0\"><stop offset=\"0%\" style=\"stop-opacity:1;stop-color:var(--linear-gradient-67-d-26-f-7-color-1)\"><\/stop><stop offset=\"100%\" style=\"stop-opacity:1;stop-color:var(--linear-gradient-67-d-26-f-7-color-2)\"><\/stop><\/lineargradient><\/defs><\/svg><svg xmlns=\"http:\/\/www.w3.org\/2000\/svg\" viewbox=\"0 0 512 512\" aria-hidden=\"true\" width=\"32\" height=\"32\"><path d=\"M256 512A256 256 0 1 0 256 0a256 256 0 1 0 0 512zM216 336h24V272H216c-13.3 0-24-10.7-24-24s10.7-24 24-24h48c13.3 0 24 10.7 24 24v88h8c13.3 0 24 10.7 24 24s-10.7 24-24 24H216c-13.3 0-24-10.7-24-24s10.7-24 24-24zm40-208a32 32 0 1 1 0 64 32 32 0 1 1 0-64z\"><\/path><\/svg><\/div><\/span><\/div>\n\n\n\n<div class=\"wp-block-stackable-heading stk-block-heading stk-block-heading--v2 stk-block stk-49c1b95\" id=\"span-style-color-2-b-1-bbf-class-stk-highlight-updates-span\" data-block-id=\"49c1b95\"><style>.stk-49c1b95 .stk-block-heading__text{color:var(--stk-container-background-color, #40ba7b) !important;}<\/style><h3 class=\"stk-block-heading__text has-text-color\"><span style=\"color: #2b1bbf;\" class=\"stk-highlight\">UPDATES<\/span><\/h3><\/div>\n\n\n\n<h2 class=\"wp-block-heading has-text-align-left has-large-font-size\"><span style=\"color: #000000;\" class=\"stk-highlight\"><em>\u201eSanitatem\u201c<\/em> von der <\/span><br><span style=\"color: #000000;\" class=\"stk-highlight\"><em>New-York-Times<\/em> empfohlen<\/span><\/h2>\n\n\n\n<div class=\"wp-block-buttons is-layout-flex wp-block-buttons-is-layout-flex\">\n<div class=\"wp-block-button\"><a class=\"wp-block-button__link wp-element-button\" href=\"https:\/\/www.nytimes.com\/2024\/08\/30\/movies\/science-fiction-movies-streaming.html\" target=\"_blank\" rel=\"noreferrer noopener\"><strong><span style=\"color: #ffffff;\" class=\"stk-highlight\">LINK &#8222;SANITATEM&#8220; @New-York-Times<\/span><\/strong><\/a><\/div>\n<\/div>\n\n\n\n<div class=\"wp-block-stackable-text stk-block-text stk-block stk-043c3b3\" data-block-id=\"043c3b3\"><p class=\"stk-block-text__text has-text-align-left\"><em>( Dieser Link f\u00fchrt zu: nytimes.com)<\/em><\/p><\/div>\n\n\n\n<div class=\"wp-block-stackable-text stk-block-text stk-block stk-59d0007\" data-block-id=\"59d0007\"><style>.stk-59d0007 {margin-bottom:6px !important;}<\/style><p class=\"stk-block-text__text\"><span style=\"color: #2b1bbf;\" class=\"stk-highlight\"><strong><em>&#8222;Die schlechteste Fussballmanschaft Deutschlands&#8220;<\/em> Vorproduktionsf\u00f6rderung erhalten<\/strong><\/span><\/p><\/div>\n\n\n\n<div class=\"wp-block-buttons is-layout-flex wp-block-buttons-is-layout-flex\">\n<div class=\"wp-block-button\"><a class=\"wp-block-button__link wp-element-button\" href=\"https:\/\/mf-rlp.de\/2024\/12\/17\/zweite-foerderrunde-2024-beendet\/\" target=\"_blank\" rel=\"noreferrer noopener\">LINK &#8222;DSFD&#8220; F\u00d6RDERZUSAGE MF-RLP<\/a><\/div>\n<\/div>\n\n\n\n<div class=\"wp-block-stackable-text stk-block-text stk-block stk-ad25d03\" data-block-id=\"ad25d03\"><p class=\"stk-block-text__text\"><span style=\"color: #000000;\" class=\"stk-highlight\"><em>( Dieser Link f\u00fchrt zu: www.mf-rlp.de<\/em><\/span> )<\/p><\/div>\n<\/div><button class=\"stk-block-notification__close-button\"><svg viewbox=\"0 0 28.3 28.3\" xmlns=\"http:\/\/www.w3.org\/2000\/svg\" width=\"16\" height=\"16\"><path d=\"M52.4-166.2c3.2 0 3.2-5 0-5s-3.2 5 0 5zM16.8 13.9L26.9 3.8c.6-.6.6-1.5 0-2.1s-1.5-.6-2.1 0L14.7 11.8 4.6 1.7c-.6-.6-1.5-.6-2.1 0s-.6 1.5 0 2.1l10.1 10.1L2.5 24c-.6.6-.6 1.5 0 2.1.3.3.7.4 1.1.4s.8-.1 1.1-.4l10-10.1 10.1 10.1c.3.3.7.4 1.1.4s.8-.1 1.1-.4c.6-.6.6-1.5 0-2.1L16.8 13.9z\"><\/path><\/svg><\/button><\/div><\/div>\n\n\n\n<h2 class=\"wp-block-heading\">Projects<\/h2>\n\n\n\n<div class=\"wp-block-columns alignfull is-layout-flex wp-container-core-columns-is-layout-28f84493 wp-block-columns-is-layout-flex\">\n<div class=\"wp-block-column is-layout-flow wp-block-column-is-layout-flow\" style=\"border-style:none;border-width:0px;padding-top:0;padding-right:0;padding-bottom:0;padding-left:0\">\n<figure class=\"wp-block-image aligncenter\"><a href=\"https:\/\/weissfeld.de\/en\/sanitatem\/\"><img decoding=\"async\" width=\"1707\" height=\"2560\" src=\"https:\/\/weissfeld.de\/wp-content\/uploads\/2023\/02\/Sanitatem_Main_Poster_Final-1-scaled.jpg\" alt=\"\" class=\"wp-image-86\" srcset=\"https:\/\/weissfeld.de\/wp-content\/uploads\/2023\/02\/Sanitatem_Main_Poster_Final-1-scaled.jpg 1707w, https:\/\/weissfeld.de\/wp-content\/uploads\/2023\/02\/Sanitatem_Main_Poster_Final-1-200x300.jpg 200w, https:\/\/weissfeld.de\/wp-content\/uploads\/2023\/02\/Sanitatem_Main_Poster_Final-1-683x1024.jpg 683w, https:\/\/weissfeld.de\/wp-content\/uploads\/2023\/02\/Sanitatem_Main_Poster_Final-1-768x1152.jpg 768w, https:\/\/weissfeld.de\/wp-content\/uploads\/2023\/02\/Sanitatem_Main_Poster_Final-1-1024x1536.jpg 1024w, https:\/\/weissfeld.de\/wp-content\/uploads\/2023\/02\/Sanitatem_Main_Poster_Final-1-1365x2048.jpg 1365w\" sizes=\"(max-width: 1707px) 100vw, 1707px\" \/><\/a><\/figure>\n<\/div>\n\n\n\n<div class=\"wp-block-column is-layout-flow wp-block-column-is-layout-flow\">\n<figure class=\"wp-block-image\"><a href=\"https:\/\/weissfeld.de\/en\/lieferandate\/\"><img decoding=\"async\" width=\"864\" height=\"1280\" src=\"https:\/\/weissfeld.de\/wp-content\/uploads\/2023\/02\/photo_2023-02-17_15-35-15.jpg\" alt=\"\" class=\"wp-image-132\" srcset=\"https:\/\/weissfeld.de\/wp-content\/uploads\/2023\/02\/photo_2023-02-17_15-35-15.jpg 864w, https:\/\/weissfeld.de\/wp-content\/uploads\/2023\/02\/photo_2023-02-17_15-35-15-203x300.jpg 203w, https:\/\/weissfeld.de\/wp-content\/uploads\/2023\/02\/photo_2023-02-17_15-35-15-691x1024.jpg 691w, https:\/\/weissfeld.de\/wp-content\/uploads\/2023\/02\/photo_2023-02-17_15-35-15-768x1138.jpg 768w\" sizes=\"(max-width: 864px) 100vw, 864px\" \/><\/a><\/figure>\n<\/div>\n\n\n\n<div class=\"wp-block-column is-layout-flow wp-block-column-is-layout-flow\">\n<figure class=\"wp-block-image\"><a href=\"https:\/\/weissfeld.de\/en\/dsfd\/\"><img decoding=\"async\" width=\"1707\" height=\"2560\" src=\"https:\/\/weissfeld.de\/wp-content\/uploads\/2024\/12\/Promoscreen_GruenPoster-scaled.jpg\" alt=\"\" class=\"wp-image-814\" srcset=\"https:\/\/weissfeld.de\/wp-content\/uploads\/2024\/12\/Promoscreen_GruenPoster-scaled.jpg 1707w, https:\/\/weissfeld.de\/wp-content\/uploads\/2024\/12\/Promoscreen_GruenPoster-200x300.jpg 200w, https:\/\/weissfeld.de\/wp-content\/uploads\/2024\/12\/Promoscreen_GruenPoster-683x1024.jpg 683w, https:\/\/weissfeld.de\/wp-content\/uploads\/2024\/12\/Promoscreen_GruenPoster-768x1152.jpg 768w, https:\/\/weissfeld.de\/wp-content\/uploads\/2024\/12\/Promoscreen_GruenPoster-1024x1536.jpg 1024w, https:\/\/weissfeld.de\/wp-content\/uploads\/2024\/12\/Promoscreen_GruenPoster-1365x2048.jpg 1365w, https:\/\/weissfeld.de\/wp-content\/uploads\/2024\/12\/Promoscreen_GruenPoster-8x12.jpg 8w\" sizes=\"(max-width: 1707px) 100vw, 1707px\" \/><\/a><\/figure>\n<\/div>\n<\/div>\n\n\n\n<div style=\"height:51px\" aria-hidden=\"true\" class=\"wp-block-spacer\"><\/div>\n\n\n\n<h2 class=\"wp-block-heading\">ABOUT US:<\/h2>\n\n\n\n<p>Weissfeld Films is a German film production company defined by efficiency and sustainability. We produce films and series for a broad audience, striving not only to consider the ecological aspect but to integrate it from the very first step.<br>To achieve this, we completed training as Green Consultants for Film &amp; TV, enabling us to incorporate sustainability into every stage of production, from development to completion.<\/p>\n\n\n\n<p>Since sustainability is a broad and comprehensive field, we have established the following three UN Sustainable Development Goals as the foundation of our company. This provides clear guidance for optimizing sustainable actions.&nbsp;<\/p>\n\n\n\n<div class=\"wp-block-stackable-columns stk-block-columns stk-block stk-8d710e4\" data-block-id=\"8d710e4\"><div class=\"stk-row stk-inner-blocks stk-block-content stk-content-align stk-8d710e4-column\">\n<div class=\"wp-block-stackable-column stk-block-column stk-column stk-block stk-f249fcc\" data-v=\"4\" data-block-id=\"f249fcc\"><div class=\"stk-column-wrapper stk-block-column__content stk-container stk-f249fcc-container stk--no-background stk--no-padding\"><div class=\"stk-block-content stk-inner-blocks stk-f249fcc-inner-blocks\">\n<figure class=\"wp-block-image size-full is-resized\"><img decoding=\"async\" width=\"262\" height=\"252\" src=\"https:\/\/weissfeld.de\/wp-content\/uploads\/2024\/12\/UN-Goals_-English_Nu17.png\" alt=\"\" class=\"wp-image-821\" style=\"width:224px;height:auto\" srcset=\"https:\/\/weissfeld.de\/wp-content\/uploads\/2024\/12\/UN-Goals_-English_Nu17.png 237w, https:\/\/weissfeld.de\/wp-content\/uploads\/2024\/12\/UN-Goals_-English_Nu17-150x150.png 150w, https:\/\/weissfeld.de\/wp-content\/uploads\/2024\/12\/UN-Goals_-English_Nu17-12x12.png 12w\" sizes=\"(max-width: 262px) 100vw, 262px\" \/><\/figure>\n<\/div><\/div><\/div>\n\n\n\n<div class=\"wp-block-stackable-column stk-block-column stk-column stk-block stk-12c2367\" data-v=\"4\" data-block-id=\"12c2367\"><div class=\"stk-column-wrapper stk-block-column__content stk-container stk-12c2367-container stk--no-background stk--no-padding\"><div class=\"stk-block-content stk-inner-blocks stk-12c2367-inner-blocks\">\n<figure class=\"wp-block-image size-full is-resized\"><img decoding=\"async\" width=\"264\" height=\"250\" src=\"https:\/\/weissfeld.de\/wp-content\/uploads\/2024\/12\/UN-Goals_-English_Nu8.png\" alt=\"\" class=\"wp-image-822\" style=\"width:227px;height:auto\" srcset=\"https:\/\/weissfeld.de\/wp-content\/uploads\/2024\/12\/UN-Goals_-English_Nu8.png 234w, https:\/\/weissfeld.de\/wp-content\/uploads\/2024\/12\/UN-Goals_-English_Nu8-12x12.png 12w\" sizes=\"(max-width: 264px) 100vw, 264px\" \/><\/figure>\n<\/div><\/div><\/div>\n\n\n\n<div class=\"wp-block-stackable-column stk-block-column stk-column stk-block stk-0187a69\" data-v=\"4\" data-block-id=\"0187a69\"><div class=\"stk-column-wrapper stk-block-column__content stk-container stk-0187a69-container stk--no-background stk--no-padding\"><div class=\"stk-block-content stk-inner-blocks stk-0187a69-inner-blocks\">\n<figure class=\"wp-block-image size-full is-resized\"><img decoding=\"async\" width=\"263\" height=\"249\" src=\"https:\/\/weissfeld.de\/wp-content\/uploads\/2024\/12\/UN-Goals_-English_Nu12.png\" alt=\"\" class=\"wp-image-823\" style=\"width:220px;height:auto\" srcset=\"https:\/\/weissfeld.de\/wp-content\/uploads\/2024\/12\/UN-Goals_-English_Nu12.png 232w, https:\/\/weissfeld.de\/wp-content\/uploads\/2024\/12\/UN-Goals_-English_Nu12-150x150.png 150w, https:\/\/weissfeld.de\/wp-content\/uploads\/2024\/12\/UN-Goals_-English_Nu12-12x12.png 12w\" sizes=\"(max-width: 263px) 100vw, 263px\" \/><\/figure>\n<\/div><\/div><\/div>\n<\/div><\/div>\n\n\n\n<p>To solidify our commitment, we are planning to obtain EMAS certification, which supports and monitors companies in implementing and achieving sustainability goals.<br>This makes us Germany's first film production company to obtain an EMAS certification already during the founding phase.<\/p>\n\n\n\n<p class=\"has-medium-font-size\"><strong>WE DON'T JUST WANT TO TALK ABOUT SUSTAINABILITY; WE WANT TO LIVE IT.<\/strong><\/p>\n\n\n\n<div style=\"height:18px\" aria-hidden=\"true\" class=\"wp-block-spacer\"><\/div>\n\n\n\n<div class=\"wp-block-stackable-heading stk-block-heading stk-block-heading--v2 stk-block stk-a538127\" id=\"em-mehr-uber-uns-erfahren-em\" data-block-id=\"a538127\"><h4 class=\"stk-block-heading__text has-text-align-center\"><em>Want to know more?<\/em><\/h4><\/div>\n\n\n\n<div class=\"wp-block-buttons is-content-justification-center is-layout-flex wp-container-core-buttons-is-layout-a89b3969 wp-block-buttons-is-layout-flex\">\n<div class=\"wp-block-button\"><a class=\"wp-block-button__link wp-element-button\" href=\"https:\/\/weissfeld.de\/en\/about\/\">ABOUT US<\/a><\/div>\n<\/div>\n\n\n\n<p><\/p>","protected":false},"excerpt":{"rendered":"<p>UPDATES &#8222;Sanitatem&#8220; von der New-York-Times empfohlen ( Dieser Link f\u00fchrt zu: nytimes.com) &#8222;Die schlechteste Fussballmanschaft Deutschlands&#8220; Vorproduktionsf\u00f6rderung erhalten ( Dieser Link f\u00fchrt zu: www.mf-rlp.de ) Projekte ABOUT US: Weissfeld Films ist eine deutsche Filmproduktion, die sich durch Effizienz und Nachhaltigkeit definiert. Wir produzieren Filme und Serien f\u00fcr ein gro\u00dfes Publikum und wollen dabei den \u00f6kologischen [&hellip;]<\/p>\n","protected":false},"author":1,"featured_media":0,"parent":0,"menu_order":0,"comment_status":"closed","ping_status":"closed","template":"","meta":{"footnotes":""},"class_list":["post-21","page","type-page","status-publish","hentry"],"blocksy_meta":{"styles_descriptor":{"styles":{"desktop":"[data-prefix=\"single_page\"] .entry-header .page-title {--theme-font-size:30px;} [data-prefix=\"single_page\"] .entry-header .entry-meta {--theme-font-weight:600;--theme-text-transform:uppercase;--theme-font-size:12px;--theme-line-height:1.3;} [data-prefix=\"single_page\"] .hero-section[data-type=\"type-1\"] {--margin-bottom:40;}","tablet":"","mobile":""},"google_fonts":[],"version":6},"page_title_panel":"","has_hero_section":"enabled","af341a7b8d68c1f07fac22024168636c":"","hero_section":"type-1","hero_elements":[{"id":"custom_title","enabled":false,"heading_tag":"h1","title":"Startseite","__id":"4H9w9malVhD960zTRIKG4"},{"id":"custom_description","enabled":false,"description_visibility":{"desktop":true,"tablet":true,"mobile":false},"__id":"Y7oWEEhRtBuuga4TcB6oc"},{"id":"custom_meta","enabled":false,"meta_elements":[{"id":"author","enabled":true,"label":"Von","has_author_avatar":"yes","avatar_size":25},{"id":"post_date","enabled":true,"label":"Am","date_format_source":"default","date_format":"M j, Y"},{"id":"updated_date","enabled":false,"label":"Am","date_format_source":"default","date_format":"M j, Y"},{"id":"categories","enabled":false,"label":"In","style":"simple"},{"id":"comments","enabled":true}],"page_meta_elements":{"joined":true,"articles_count":true,"comments":true},"__id":"5cI68slumCAJ0AezVGtII"},{"id":"breadcrumbs","enabled":false,"__id":"0aE8MMoL5TdE7rmaxXLxR"}],"9cb8c2e9ea1a0913777102a3c47e18cd":"","hero_alignment1":"CT_CSS_SKIP_RULE","hero_margin":40,"hero_alignment2":"center","hero_vertical_alignment":"center","14c0736ad4eac15aa974228216658c54":"","hero_structure":"narrow","f6724c6c2e3082dcca483354eb052226":"","page_title_bg_type":"featured_image","custom_hero_background":{"attachment_id":null},"page_title_image_size":"full","parallax":{"desktop":false,"tablet":false,"mobile":false},"134235b7adcc41aee1a0b8ed61a60bd3":"","hero_height":"250px","pageTitleFont":{"family":"Default","variation":"Default","size":"30px","line-height":"CT_CSS_SKIP_RULE","letter-spacing":"CT_CSS_SKIP_RULE","text-transform":"CT_CSS_SKIP_RULE","text-decoration":"CT_CSS_SKIP_RULE"},"pageTitleFontColor":{"default":{"color":"CT_CSS_SKIP_RULEDEFAULT"}},"pageMetaFont":{"family":"Default","variation":"n6","size":"12px","line-height":"1.3","letter-spacing":"CT_CSS_SKIP_RULE","text-transform":"uppercase","text-decoration":"CT_CSS_SKIP_RULE"},"pageMetaFontColor":{"default":{"color":"CT_CSS_SKIP_RULEDEFAULT"},"hover":{"color":"CT_CSS_SKIP_RULEDEFAULT"}},"page_meta_button_type_font_colors":{"default":{"color":"CT_CSS_SKIP_RULEDEFAULT"},"hover":{"color":"CT_CSS_SKIP_RULEDEFAULT"}},"page_meta_button_type_background_colors":{"default":{"color":"CT_CSS_SKIP_RULEDEFAULT"},"hover":{"color":"CT_CSS_SKIP_RULEDEFAULT"}},"pageExcerptFont":{"family":"Default","variation":"Default","size":"CT_CSS_SKIP_RULE","line-height":"CT_CSS_SKIP_RULE","letter-spacing":"CT_CSS_SKIP_RULE","text-transform":"CT_CSS_SKIP_RULE","text-decoration":"CT_CSS_SKIP_RULE"},"pageExcerptColor":{"default":{"color":"CT_CSS_SKIP_RULEDEFAULT"}},"breadcrumbsFont":{"family":"Default","variation":"Default","size":"CT_CSS_SKIP_RULE","line-height":"CT_CSS_SKIP_RULE","letter-spacing":"CT_CSS_SKIP_RULE","text-transform":"CT_CSS_SKIP_RULE","text-decoration":"CT_CSS_SKIP_RULE"},"breadcrumbsFontColor":{"default":{"color":"CT_CSS_SKIP_RULEDEFAULT"},"initial":{"color":"CT_CSS_SKIP_RULEDEFAULT"},"hover":{"color":"CT_CSS_SKIP_RULEDEFAULT"}},"pageTitleOverlay":{"background_type":"color","background_pattern":"type-1","background_image":{"attachment_id":null,"x":0,"y":0},"gradient":"linear-gradient(135deg,rgba(6,147,227,1) 0%,rgb(155,81,224) 100%)","background_repeat":"repeat","background_size":"auto","background_attachment":"scroll","patternColor":{"default":{"color":"#e5e7ea"}},"overlayColor":{"default":{"color":"CT_CSS_SKIP_RULE"}},"backgroundColor":{"default":{"color":"CT_CSS_SKIP_RULE"}}},"pageTitleBackground":{"background_type":"color","background_pattern":"type-1","background_image":{"attachment_id":null,"x":0,"y":0},"gradient":"linear-gradient(135deg,rgba(6,147,227,1) 0%,rgb(155,81,224) 100%)","background_repeat":"repeat","background_size":"auto","background_attachment":"scroll","patternColor":{"default":{"color":"#e5e7ea"}},"overlayColor":{"default":{"color":"CT_CSS_SKIP_RULE"}},"backgroundColor":{"default":{"color":"var(--theme-palette-color-6)"}}},"pageTitlePadding":{"top":"50px","bottom":"50px","left":"auto","right":"auto","linked":true},"77be9954775fa4e770ace0d128f09b55":"","page_structure_type":"default","d671d0cf164f0178937284f7474a465f":"","content_style_source":"inherit","content_style":"wide","vertical_spacing_source":"inherit","content_area_spacing":"both","background":{"background_type":"color","background_pattern":"type-1","background_image":{"attachment_id":null,"x":0,"y":0},"gradient":"linear-gradient(135deg,rgba(6,147,227,1) 0%,rgb(155,81,224) 100%)","background_repeat":"repeat","background_size":"auto","background_attachment":"scroll","patternColor":{"default":{"color":"#e5e7ea"}},"overlayColor":{"default":{"color":"CT_CSS_SKIP_RULE"}},"backgroundColor":{"default":{"color":"CT_CSS_SKIP_RULE"}}},"content_background":{"background_type":"color","background_pattern":"type-1","background_image":{"attachment_id":null,"x":0,"y":0},"gradient":"linear-gradient(135deg,rgba(6,147,227,1) 0%,rgb(155,81,224) 100%)","background_repeat":"repeat","background_size":"auto","background_attachment":"scroll","patternColor":{"default":{"color":"#e5e7ea"}},"overlayColor":{"default":{"color":"CT_CSS_SKIP_RULE"}},"backgroundColor":{"default":{"color":"var(--theme-palette-color-8)"}}},"content_boxed_shadow":{"inherit":false,"blur":18,"spread":-6,"v_offset":12,"h_offset":0,"inset":false,"enable":true,"color":{"color":"rgba(34, 56, 101, 0.04)"}},"content_boxed_border":{"width":1,"style":"none","color":{"color":"rgba(44,62,80,0.2)"}},"content_boxed_radius":{"top":"3px","bottom":"3px","left":"3px","right":"3px","linked":true},"boxed_content_spacing":{"desktop":{"top":"40px","bottom":"40px","left":"40px","right":"40px","linked":true},"tablet":{"top":"35px","bottom":"35px","left":"35px","right":"35px","linked":true},"mobile":{"top":"20px","bottom":"20px","left":"20px","right":"20px","linked":true}},"c949f61014d46a800a0fc1d45193dc0d":"","disable_featured_image":"no","disable_share_box":"no","disable_header":"no","disable_footer":"no","e109b754d27cab38e701212eb2b60ccf":"","dfe23dce4ca715f2c1cf1dc1fa3f1005":"","996b41f1043b0884309e4734270674a3":"","2241349f1160d1cb43def6b040c7c3f6":"","7b9324e96024e6d2c0e9d04715488403":"","d75ec26faf21b9a9498c5de040a11e1c":"","2613dd0a1afd419f272a29703c102112":"","9047a1ef0b9a664a0988b5411d04d47a":""},"_links":{"self":[{"href":"https:\/\/weissfeld.de\/en\/wp-json\/wp\/v2\/pages\/21","targetHints":{"allow":["GET"]}}],"collection":[{"href":"https:\/\/weissfeld.de\/en\/wp-json\/wp\/v2\/pages"}],"about":[{"href":"https:\/\/weissfeld.de\/en\/wp-json\/wp\/v2\/types\/page"}],"author":[{"embeddable":true,"href":"https:\/\/weissfeld.de\/en\/wp-json\/wp\/v2\/users\/1"}],"replies":[{"embeddable":true,"href":"https:\/\/weissfeld.de\/en\/wp-json\/wp\/v2\/comments?post=21"}],"version-history":[{"count":53,"href":"https:\/\/weissfeld.de\/en\/wp-json\/wp\/v2\/pages\/21\/revisions"}],"predecessor-version":[{"id":833,"href":"https:\/\/weissfeld.de\/en\/wp-json\/wp\/v2\/pages\/21\/revisions\/833"}],"wp:attachment":[{"href":"https:\/\/weissfeld.de\/en\/wp-json\/wp\/v2\/media?parent=21"}],"curies":[{"name":"wp","href":"https:\/\/api.w.org\/{rel}","templated":true}]}}