{"id":581,"date":"2024-05-11T12:50:03","date_gmt":"2024-05-11T12:50:03","guid":{"rendered":"https:\/\/weissfeld.de\/?page_id=581"},"modified":"2024-12-21T12:53:09","modified_gmt":"2024-12-21T12:53:09","slug":"about","status":"publish","type":"page","link":"https:\/\/weissfeld.de\/en\/about\/","title":{"rendered":"\u00dcber Uns"},"content":{"rendered":"<p><strong>\u00dcBER UNS<\/strong><\/p>\n\n\n<div class=\"wp-block-site-logo\"><a href=\"https:\/\/weissfeld.de\/en\/\" class=\"custom-logo-link\" rel=\"home\"><img decoding=\"async\" width=\"173\" height=\"95\" src=\"https:\/\/weissfeld.de\/wp-content\/uploads\/2024\/03\/Asset-1-1.png\" class=\"custom-logo\" alt=\"WEISSFELD FILMS\" srcset=\"https:\/\/weissfeld.de\/wp-content\/uploads\/2024\/03\/Asset-1-1.png 848w, https:\/\/weissfeld.de\/wp-content\/uploads\/2024\/03\/Asset-1-1-300x165.png 300w, https:\/\/weissfeld.de\/wp-content\/uploads\/2024\/03\/Asset-1-1-768x422.png 768w, https:\/\/weissfeld.de\/wp-content\/uploads\/2024\/03\/Asset-1-1-18x10.png 18w\" sizes=\"(max-width: 173px) 100vw, 173px\" \/><\/a><\/div>\n\n\n<p><em>Weissfeld Films<\/em> produces narrative formats that present psychological themes through entertaining stories for a broad audience.&nbsp;<\/p>\n\n\n\n<p>Founders Michael Kleinfeld and Oliver Weisskopf are known for their visually striking and atmospheric storytelling. The approach for each project is a consistent balance between quality and budget.&nbsp;<\/p>\n\n\n\n<p>Each production embodies this principle of the creators..<\/p>\n\n\n\n<p>The feature film \"Sanitatem\" laid the foundation for the production company in 2023. This movie premiered at the Shanghai International Film Festival and had its German premiere at the Hof International Film Festival<\/p>\n\n\n\n<p>WEISSFELD FILMS is based in Cologne, Germany&nbsp;<br><\/p>\n\n\n\n<div class=\"wp-block-media-text is-stacked-on-mobile\"><figure class=\"wp-block-media-text__media\"><img decoding=\"async\" width=\"1024\" height=\"720\" src=\"https:\/\/weissfeld.de\/wp-content\/uploads\/2024\/05\/Oliver-Michael-1024x720.jpg\" alt=\"\" class=\"wp-image-584 size-full\" srcset=\"https:\/\/weissfeld.de\/wp-content\/uploads\/2024\/05\/Oliver-Michael-1024x720.jpg 1024w, https:\/\/weissfeld.de\/wp-content\/uploads\/2024\/05\/Oliver-Michael-300x211.jpg 300w, https:\/\/weissfeld.de\/wp-content\/uploads\/2024\/05\/Oliver-Michael-768x540.jpg 768w, https:\/\/weissfeld.de\/wp-content\/uploads\/2024\/05\/Oliver-Michael-1536x1080.jpg 1536w, https:\/\/weissfeld.de\/wp-content\/uploads\/2024\/05\/Oliver-Michael-2048x1440.jpg 2048w, https:\/\/weissfeld.de\/wp-content\/uploads\/2024\/05\/Oliver-Michael-18x12.jpg 18w\" sizes=\"(max-width: 1024px) 100vw, 1024px\" \/><\/figure><div class=\"wp-block-media-text__content\">\n<p>Michael and Oliver studied together at the Macromedia University in Cologne and graduated together in 2017. They bonded as business partners through various short films and their debut feature film.&nbsp;<\/p>\n\n\n\n<p><\/p>\n<\/div><\/div>\n\n\n\n<div class=\"wp-block-stackable-text stk-block-text stk-block stk-ee3ea28\" data-block-id=\"ee3ea28\"><p class=\"stk-block-text__text\"><br>Until 2023, Michael Kleinfeld supported numerous TV and film productions in various roles within the production process. This enabled him to build extensive contacts within the film industry and gain significant frontline experience. <br><a href=\"https:\/\/www.crew-united.com\/de\/Michael-Kleinfeld_456829.html#!searchterm=michael%20kleinfeld\" target=\"_blank\" rel=\"noreferrer noopener\"><em><span style=\"color: var(--theme-palette-color-8, #64aec1);\" class=\"stk-highlight\">Link to Michael's Crew-United Profile:<\/span><\/em><\/a><\/p><\/div>\n\n\n\n<p>Since 2017, Oliver Weisskopf has been building a video agency focusing on sustainability communication for medium-sized businesses. The goal is to document companies' transformations and present them accurately to target audiences, fostering greater trust in the changes of our time.\u00a0 <br><a href=\"https:\/\/oliwefilms.de\/\" target=\"_blank\" rel=\"noreferrer noopener\"><em><span style=\"color: var(--theme-palette-color-8, #64aec1);\" class=\"stk-highlight\">Link to Oliwe-Films Website:<\/span><\/em><\/a><\/p>\n\n\n\n<p>Weissfeld Films defines itself through efficiency and fresh perspectives, particularly regarding ecological sustainability. We believe that the entire film industry must undergo a significant paradigm shift; otherwise, public funding may cease in the next ten years, leading to an existential crisis within the industry.&nbsp;<\/p>\n\n\n\n<p>Stricter regulations under the EU Green Deal will not only affect the film industry but the entire European economy.&nbsp;<\/p>\n\n\n\n<p>We support the voluntary initiative of Changemakers.film and are certified as Green Consultants. <br>By integrating the knowledge and mindset of a Green Consultant from the initial stages of production, we aim to produce more sustainable and efficient film projects.<\/p>\n\n\n\n<p>These two perspectives, united creatively, make us a forward-thinking film production company that introduces new production methods to the industry, having learned from the mistakes of old thinking structures.<\/p>\n\n\n\n<div class=\"wp-block-stackable-spacer stk-block-spacer stk--no-padding stk-block stk-59c1d27\" data-block-id=\"59c1d27\"><style>.stk-59c1d27 {height:50px !important;}<\/style><\/div>\n\n\n\n<div class=\"wp-block-stackable-heading stk-block-heading stk-block-heading--v2 stk-block stk-9ecd7c9\" id=\"freie-mitarbeiter\" data-block-id=\"9ecd7c9\"><h2 class=\"stk-block-heading__text\">FREIE MITARBEITER<\/h2><\/div>\n\n\n\n<div class=\"wp-block-columns is-layout-flex wp-container-core-columns-is-layout-28f84493 wp-block-columns-is-layout-flex\">\n<div class=\"wp-block-column is-layout-flow wp-block-column-is-layout-flow\" style=\"flex-basis:100%\">\n<div class=\"wp-block-stackable-columns stk-block-columns stk-block stk-f3ff435\" data-block-id=\"f3ff435\"><div class=\"stk-row stk-inner-blocks stk-block-content stk-content-align stk-f3ff435-column\">\n<div class=\"wp-block-stackable-column stk-block-column stk-column stk-block stk-f0db23f\" data-v=\"4\" data-block-id=\"f0db23f\"><div class=\"stk-column-wrapper stk-block-column__content stk-container stk-f0db23f-container stk--no-background stk--no-padding\"><div class=\"stk-block-content stk-inner-blocks stk-f0db23f-inner-blocks\">\n<div class=\"wp-block-group is-layout-constrained wp-block-group-is-layout-constrained\">\n<div class=\"wp-block-stackable-spacer stk-block-spacer stk--no-padding stk-block stk-2a552e5\" data-block-id=\"2a552e5\"><style>.stk-2a552e5 {height:25px !important;}<\/style><\/div>\n\n\n\n<div class=\"wp-block-stackable-feature-grid alignwide stk-block-feature-grid stk-block-columns stk-block stk-4818f34 is-style-default\" data-block-id=\"4818f34\"><div class=\"stk-row stk-inner-blocks has-text-align-center stk-block-content stk-content-align stk-4818f34-column alignwide\">\n<div class=\"wp-block-stackable-column stk-block-column stk-column stk-block stk-94a6f76\" data-v=\"4\" data-block-id=\"94a6f76\"><div class=\"stk-column-wrapper stk-block-column__content stk-container stk-94a6f76-container stk--no-background stk--no-padding\"><div class=\"stk-block-content stk-inner-blocks stk-94a6f76-inner-blocks\">\n<div class=\"wp-block-stackable-image stk-block-image has-text-align-left stk-block stk-a83ab5f\" data-block-id=\"a83ab5f\"><style>.stk-a83ab5f {top:1px !important;right:-34px !important;opacity:1 !important;}.stk-a83ab5f .stk-img-wrapper{width:86% !important;height:409px !important;filter:drop-shadow(none) !important;}.stk-a83ab5f .stk-img-wrapper img{border-radius:32px !important;object-position:70% 62% !important;}<\/style><figure><span class=\"stk-img-wrapper stk-image--shape-stretch stk--shadow-none\"><img decoding=\"async\" class=\"stk-img wp-image-606\" src=\"https:\/\/weissfeld.de\/wp-content\/uploads\/2024\/05\/Jinglin-Huang.jpg\" width=\"1275\" height=\"1330\" srcset=\"https:\/\/weissfeld.de\/wp-content\/uploads\/2024\/05\/Jinglin-Huang.jpg 1275w, https:\/\/weissfeld.de\/wp-content\/uploads\/2024\/05\/Jinglin-Huang-288x300.jpg 288w, https:\/\/weissfeld.de\/wp-content\/uploads\/2024\/05\/Jinglin-Huang-982x1024.jpg 982w, https:\/\/weissfeld.de\/wp-content\/uploads\/2024\/05\/Jinglin-Huang-768x801.jpg 768w, https:\/\/weissfeld.de\/wp-content\/uploads\/2024\/05\/Jinglin-Huang-12x12.jpg 12w\" sizes=\"(max-width: 1275px) 100vw, 1275px\" \/><\/span><\/figure><\/div>\n\n\n\n<div class=\"wp-block-stackable-heading stk-block-heading stk-block-heading--v2 stk-block stk-7fe7c7e\" id=\"jinglin-huang\" data-block-id=\"7fe7c7e\"><style>.stk-7fe7c7e {margin-bottom:0px !important;}.stk-7fe7c7e .stk-block-heading__text{color:var(--theme-palette-color-1, #2872fa) !important;}<\/style><h3 class=\"stk-block-heading__text has-text-color\">Jinglin Huang<\/h3><\/div>\n\n\n\n<div class=\"wp-block-stackable-text stk-block-text stk-block stk-723eb7e\" data-block-id=\"723eb7e\"><style>.stk-723eb7e {margin-bottom:0px !important;}.stk-723eb7e .stk-block-text__text{font-size:20px !important;color:var(--theme-palette-color-8, #64aec1) !important;}@media screen and (max-width:999px){.stk-723eb7e .stk-block-text__text{font-size:20px !important;}}<\/style><p class=\"stk-block-text__text has-text-color\"><strong><em>CREATIVE PRODUCER \/ WRITER<\/em><\/strong><\/p><\/div>\n\n\n\n<div class=\"wp-block-stackable-spacer stk-block-spacer stk--no-padding stk-block stk-785c7b4\" data-block-id=\"785c7b4\"><style>.stk-785c7b4 {height:24px !important;}<\/style><\/div>\n\n\n\n<div class=\"wp-block-stackable-text stk-block-text stk-block stk-e546748\" data-block-id=\"e546748\"><style>.stk-e546748 {margin-bottom:0px !important;}.stk-e546748 .stk-block-text__text{color:var(--theme-palette-color-8, #64aec1) !important;}<\/style><p class=\"stk-block-text__text has-text-color\"><em>&nbsp;Jinglin Huang is a Chinese filmmaker living in Cologne, Germany.<\/em><\/p><\/div>\n\n\n\n<div class=\"wp-block-stackable-spacer stk-block-spacer stk--no-padding stk-block stk-1106edf\" data-block-id=\"1106edf\"><style>.stk-1106edf {height:11px !important;}<\/style><\/div>\n\n\n\n<div class=\"wp-block-stackable-text stk-block-text stk-block stk-a02fd31\" data-block-id=\"a02fd31\"><style>.stk-a02fd31 {margin-bottom:0px !important;}<\/style><p class=\"stk-block-text__text\">She is currently working on her first horror project: A feature film about ghosts with elements of virtual reality<br>Additionally, she is developing an autobiographical screenplay about her experiences working with a Parkinson's patient.<\/p><\/div>\n\n\n\n<div class=\"wp-block-stackable-spacer stk-block-spacer stk--no-padding stk-block stk-5d5ecd5\" data-block-id=\"5d5ecd5\"><style>.stk-5d5ecd5 {height:80px !important;}<\/style><\/div>\n\n\n\n<div class=\"wp-block-stackable-button-group stk-block-button-group stk-block stk-3b88b2c\" data-block-id=\"3b88b2c\"><style>.stk-3b88b2c .stk-button-group{flex-direction:row !important;}@media screen and (max-width:999px){.stk-3b88b2c .stk-button-group{flex-direction:row !important;}}@media screen and (max-width:689px){.stk-3b88b2c .stk-button-group{flex-direction:row !important;}}<\/style><div class=\"stk-row stk-inner-blocks stk-block-content stk-button-group\">\n<div class=\"wp-block-stackable-button stk-block-button is-style-plain stk-block stk-740245b\" data-block-id=\"740245b\"><style>.stk-740245b .stk-button{background:transparent !important;}<\/style><a class=\"stk-link stk-button stk--hover-effect-darken\" href=\"https:\/\/weissfeld.de\/en\/jinglin-huang\/\" target=\"_blank\" rel=\"noreferrer noopener\"><span class=\"stk-button__inner-text\">More about Jinglin<\/span><\/a><\/div>\n<\/div><\/div>\n<\/div><\/div><\/div>\n\n\n\n<div class=\"wp-block-stackable-column stk-block-column stk-column stk-block stk-a928a80\" data-v=\"4\" data-block-id=\"a928a80\"><div class=\"stk-column-wrapper stk-block-column__content stk-container stk-a928a80-container stk--no-background stk--no-padding\"><div class=\"stk-block-content stk-inner-blocks stk-a928a80-inner-blocks\">\n<div class=\"wp-block-stackable-image stk-block-image stk-block stk-f69aa84\" data-block-id=\"f69aa84\"><style>.stk-f69aa84 .stk-img-wrapper{width:79% !important;height:409px !important;filter:drop-shadow(none) !important;}.stk-f69aa84 .stk-img-wrapper img{border-radius:82px !important;}<\/style><figure><span class=\"stk-img-wrapper stk-image--shape-stretch stk--shadow-none\"><img decoding=\"async\" class=\"stk-img wp-image-649\" src=\"https:\/\/weissfeld.de\/wp-content\/uploads\/2024\/05\/WhatsApp-Bild-2024-05-31-um-12.31.33_094ddc72-scaled.jpg\" width=\"2048\" height=\"2560\" srcset=\"https:\/\/weissfeld.de\/wp-content\/uploads\/2024\/05\/WhatsApp-Bild-2024-05-31-um-12.31.33_094ddc72-scaled.jpg 2048w, https:\/\/weissfeld.de\/wp-content\/uploads\/2024\/05\/WhatsApp-Bild-2024-05-31-um-12.31.33_094ddc72-240x300.jpg 240w, https:\/\/weissfeld.de\/wp-content\/uploads\/2024\/05\/WhatsApp-Bild-2024-05-31-um-12.31.33_094ddc72-819x1024.jpg 819w, https:\/\/weissfeld.de\/wp-content\/uploads\/2024\/05\/WhatsApp-Bild-2024-05-31-um-12.31.33_094ddc72-768x960.jpg 768w, https:\/\/weissfeld.de\/wp-content\/uploads\/2024\/05\/WhatsApp-Bild-2024-05-31-um-12.31.33_094ddc72-1229x1536.jpg 1229w, https:\/\/weissfeld.de\/wp-content\/uploads\/2024\/05\/WhatsApp-Bild-2024-05-31-um-12.31.33_094ddc72-1638x2048.jpg 1638w, https:\/\/weissfeld.de\/wp-content\/uploads\/2024\/05\/WhatsApp-Bild-2024-05-31-um-12.31.33_094ddc72-10x12.jpg 10w\" sizes=\"(max-width: 2048px) 100vw, 2048px\" \/><\/span><\/figure><\/div>\n\n\n\n<div class=\"wp-block-stackable-heading stk-block-heading stk-block-heading--v2 stk-block stk-7964bf7\" id=\"nikita-vasilchenko\" data-block-id=\"7964bf7\"><style>.stk-7964bf7 {margin-bottom:0px !important;}.stk-7964bf7 .stk-block-heading__text{color:var(--theme-palette-color-1, #2872fa) !important;}<\/style><h3 class=\"stk-block-heading__text has-text-color\">Nikita Vasilchenko<\/h3><\/div>\n\n\n\n<div class=\"wp-block-stackable-text stk-block-text stk-block stk-a660b21\" data-block-id=\"a660b21\"><style>.stk-a660b21 {margin-bottom:2px !important;}.stk-a660b21 .stk-block-text__text{font-size:20px !important;}@media screen and (max-width:999px){.stk-a660b21 .stk-block-text__text{font-size:20px !important;}}<\/style><p class=\"stk-block-text__text\"><em><strong><span style=\"color: var(--theme-palette-color-8, #64aec1);\" class=\"stk-highlight\">WRITER<\/span><\/strong><\/em><\/p><\/div>\n\n\n\n<div class=\"wp-block-stackable-spacer stk-block-spacer stk--no-padding stk-block stk-c253b16\" data-block-id=\"c253b16\"><style>.stk-c253b16 {height:24px !important;}<\/style><\/div>\n\n\n\n<div class=\"wp-block-stackable-text stk-block-text stk-block stk-8227bbd\" data-block-id=\"8227bbd\"><style>.stk-8227bbd {margin-bottom:2px !important;}.stk-8227bbd .stk-block-text__text{color:#487391 !important;}<\/style><p class=\"stk-block-text__text has-text-color\"><strong><em>Nikita Vasilchenko is a successful writer from Cologne. <\/em><\/strong><\/p><\/div>\n\n\n\n<div class=\"wp-block-stackable-spacer stk-block-spacer stk--no-padding stk-block stk-5515b5c\" data-block-id=\"5515b5c\"><style>.stk-5515b5c {height:30px !important;}<\/style><\/div>\n\n\n\n<div class=\"wp-block-stackable-text stk-block-text stk-block stk-50c592a\" data-block-id=\"50c592a\"><style>.stk-50c592a {margin-bottom:1px !important;}<\/style><p class=\"stk-block-text__text\">Originally from Uzbekistan, Nikita wrote many successful novellas. He is currently in talks for the adaptation of an award-winning screenplay set in South Korea. <br>Additionally, Nikita is developing a horror comedy about filmmaking with Weissfeld Films.<\/p><\/div>\n\n\n\n<div class=\"wp-block-stackable-spacer stk-block-spacer stk--no-padding stk-block stk-91a9f28\" data-block-id=\"91a9f28\"><style>.stk-91a9f28 {height:60px !important;}<\/style><\/div>\n\n\n\n<div class=\"wp-block-stackable-button-group stk-block-button-group stk-block stk-780532b\" data-block-id=\"780532b\"><style>.stk-780532b .stk-button-group{flex-direction:row !important;}@media screen and (max-width:999px){.stk-780532b .stk-button-group{flex-direction:row !important;}}@media screen and (max-width:689px){.stk-780532b .stk-button-group{flex-direction:row !important;}}<\/style><div class=\"stk-row stk-inner-blocks stk-block-content stk-button-group\">\n<div class=\"wp-block-stackable-button stk-block-button is-style-plain stk-block stk-c12eec5\" data-block-id=\"c12eec5\"><style>.stk-c12eec5 .stk-button{background:transparent !important;}<\/style><a class=\"stk-link stk-button stk--hover-effect-darken\" href=\"https:\/\/weissfeld.de\/en\/nikita-vasilchenko\/\" target=\"_blank\" rel=\"noreferrer noopener\"><span class=\"stk-button__inner-text\">More about Nikita<\/span><\/a><\/div>\n<\/div><\/div>\n<\/div><\/div><\/div>\n\n\n\n<div class=\"wp-block-stackable-column stk-block-column stk-column stk-block stk-8c86f96\" data-v=\"4\" data-block-id=\"8c86f96\"><div class=\"stk-column-wrapper stk-block-column__content stk-container stk-8c86f96-container stk--no-background stk--no-padding\"><div class=\"stk-block-content stk-inner-blocks stk-8c86f96-inner-blocks\">\n<div class=\"wp-block-stackable-image stk-block-image stk-block stk-c0d3c76\" data-block-id=\"c0d3c76\"><style>.stk-c0d3c76 .stk-img-wrapper{width:85% !important;height:403px !important;}.stk-c0d3c76 .stk-img-wrapper img{transform:scale(0.93) !important;border-radius:11px !important;}<\/style><figure><span class=\"stk-img-wrapper stk-image--shape-stretch\"><img decoding=\"async\" class=\"stk-img wp-image-691\" src=\"https:\/\/weissfeld.de\/wp-content\/uploads\/2024\/06\/image_2024-06-03_10-20-46.png\" width=\"720\" height=\"1280\" srcset=\"https:\/\/weissfeld.de\/wp-content\/uploads\/2024\/06\/image_2024-06-03_10-20-46.png 720w, https:\/\/weissfeld.de\/wp-content\/uploads\/2024\/06\/image_2024-06-03_10-20-46-169x300.png 169w, https:\/\/weissfeld.de\/wp-content\/uploads\/2024\/06\/image_2024-06-03_10-20-46-576x1024.png 576w, https:\/\/weissfeld.de\/wp-content\/uploads\/2024\/06\/image_2024-06-03_10-20-46-7x12.png 7w\" sizes=\"(max-width: 720px) 100vw, 720px\" \/><\/span><\/figure><\/div>\n\n\n\n<div class=\"wp-block-stackable-heading stk-block-heading stk-block-heading--v2 stk-block stk-045824d\" id=\"paul-feldmann\" data-block-id=\"045824d\"><style>.stk-045824d {margin-bottom:0px !important;}.stk-045824d .stk-block-heading__text{color:var(--theme-palette-color-5, #e1e8ed) !important;}<\/style><h3 class=\"stk-block-heading__text has-text-color\">Paul Feldmann<\/h3><\/div>\n\n\n\n<div class=\"wp-block-stackable-text stk-block-text stk-block stk-020e2cb\" data-block-id=\"020e2cb\"><style>.stk-020e2cb .stk-block-text__text{font-size:20px !important;color:var(--theme-palette-color-8, #64aec1) !important;}@media screen and (max-width:999px){.stk-020e2cb .stk-block-text__text{font-size:20px !important;}}<\/style><p class=\"stk-block-text__text has-text-color\">IN ARBEIT&#8230;<\/p><\/div>\n\n\n\n<div class=\"wp-block-stackable-text stk-block-text stk-block stk-dd5147d\" data-block-id=\"dd5147d\"><style>.stk-dd5147d {margin-bottom:22px !important;}.stk-dd5147d .stk-block-text__text{color:#487391 !important;}<\/style><p class=\"stk-block-text__text has-text-color\"><\/p><\/div>\n\n\n\n<div class=\"wp-block-stackable-button-group stk-block-button-group stk-block stk-30558ca\" data-block-id=\"30558ca\"><style>.stk-30558ca .stk-button-group{flex-direction:row !important;}@media screen and (max-width:999px){.stk-30558ca .stk-button-group{flex-direction:row !important;}}@media screen and (max-width:689px){.stk-30558ca .stk-button-group{flex-direction:row !important;}}<\/style><div class=\"stk-row stk-inner-blocks stk-block-content stk-button-group\">\n<div class=\"wp-block-stackable-button stk-block-button is-style-plain stk-block stk-39d0da6\" data-block-id=\"39d0da6\"><style>.stk-39d0da6 .stk-button{background:transparent !important;}<\/style><a class=\"stk-link stk-button stk--hover-effect-darken\" href=\"https:\/\/weissfeld.de\/en\/sanitatem\/\" target=\"_blank\" rel=\"noreferrer noopener\"><span class=\"stk-button__inner-text\"><\/span><\/a><\/div>\n<\/div><\/div>\n<\/div><\/div><\/div>\n<\/div><\/div>\n<\/div>\n<\/div><\/div><\/div>\n<\/div><\/div>\n<\/div>\n<\/div>","protected":false},"excerpt":{"rendered":"<p>\u00dcBER UNS Weissfeld Films produziert narrative Formate, welche psychologische Themen durch unterhaltsame Geschichten f\u00fcr ein gro\u00dfes Publikum aufbereitet.&nbsp; Die Gr\u00fcnder Michael Kleinfeld und Oliver Weisskopf zeichnen sich durch ihre visuelle und stimmungsvolle Erz\u00e4hlweise aus. Der Ansatz f\u00fcr jedes Projekt ist die konsequente Verh\u00e4ltnism\u00e4\u00dfigkeit zwischen Qualit\u00e4t und Budget.&nbsp; Jede Produktion zeichnet sich durch diesen Grundsatz der [&hellip;]<\/p>\n","protected":false},"author":1,"featured_media":0,"parent":0,"menu_order":0,"comment_status":"closed","ping_status":"closed","template":"","meta":{"footnotes":""},"class_list":["post-581","page","type-page","status-publish","hentry"],"blocksy_meta":[],"_links":{"self":[{"href":"https:\/\/weissfeld.de\/en\/wp-json\/wp\/v2\/pages\/581","targetHints":{"allow":["GET"]}}],"collection":[{"href":"https:\/\/weissfeld.de\/en\/wp-json\/wp\/v2\/pages"}],"about":[{"href":"https:\/\/weissfeld.de\/en\/wp-json\/wp\/v2\/types\/page"}],"author":[{"embeddable":true,"href":"https:\/\/weissfeld.de\/en\/wp-json\/wp\/v2\/users\/1"}],"replies":[{"embeddable":true,"href":"https:\/\/weissfeld.de\/en\/wp-json\/wp\/v2\/comments?post=581"}],"version-history":[{"count":24,"href":"https:\/\/weissfeld.de\/en\/wp-json\/wp\/v2\/pages\/581\/revisions"}],"predecessor-version":[{"id":831,"href":"https:\/\/weissfeld.de\/en\/wp-json\/wp\/v2\/pages\/581\/revisions\/831"}],"wp:attachment":[{"href":"https:\/\/weissfeld.de\/en\/wp-json\/wp\/v2\/media?parent=581"}],"curies":[{"name":"wp","href":"https:\/\/api.w.org\/{rel}","templated":true}]}}