{"id":61,"date":"2023-02-12T13:41:53","date_gmt":"2023-02-12T13:41:53","guid":{"rendered":"http:\/\/weissfeld.de\/?page_id=61"},"modified":"2024-05-08T11:57:12","modified_gmt":"2024-05-08T11:57:12","slug":"lieferandate","status":"publish","type":"page","link":"https:\/\/weissfeld.de\/en\/lieferandate\/","title":{"rendered":"A Fast (food) Love-Story"},"content":{"rendered":"<div class=\"wp-block-cover alignfull is-light\" style=\"padding-top:0;padding-right:0;padding-bottom:0;padding-left:0;min-height:655px;aspect-ratio:unset;\"><span aria-hidden=\"true\" class=\"wp-block-cover__background has-background-dim-10 has-background-dim\" style=\"background-color:#FFF\"><\/span><video class=\"wp-block-cover__video-background intrinsic-ignore\" autoplay muted loop playsinline src=\"https:\/\/weissfeld.de\/wp-content\/uploads\/2024\/05\/v5_-_showreel_clip_lieferandate-1080p.mp4\" data-object-fit=\"cover\"><\/video><div class=\"wp-block-cover__inner-container is-layout-flow wp-block-cover-is-layout-flow\">\n<p class=\"has-text-align-center has-palette-color-7-color has-text-color has-large-font-size\"><strong>&#8222;Lieferandate&#8220;<br>&#8211; A Fast (food) Love-Story<\/strong><\/p>\n<\/div><\/div>\n\n\n\n<div class=\"wp-block-columns is-layout-flex wp-container-core-columns-is-layout-28f84493 wp-block-columns-is-layout-flex\">\n<div class=\"wp-block-column is-layout-flow wp-block-column-is-layout-flow\" style=\"flex-basis:66.66%\">\n<h2 class=\"wp-block-heading has-text-align-right\">Synopsis<\/h2>\n\n\n\n<p class=\"has-text-align-right\"><em>Surrounded by models at work -  Every evening at a different party, with a different woman.<\/em><br><em>You live the life all men dream of - But then Corona and the Lockdown came.<\/em><br><em>From doing photoshootings with top models to Schnitzel photos for the local fries stand. And then, of all people, the delivery girl is stealing your heart.<\/em><br><em>\u201cLieferandate\u201d - A Fast (Food) Love-Story is about the challenges of dating in a contactless time.<\/em><\/p>\n\n\n\n<h2 class=\"wp-block-heading has-text-align-right\">Technical data<\/h2>\n\n\n\n<p class=\"has-text-align-right\">Country of origin: Germany<br>Language: German (English Subtitles)<br>Finished: Jan 2022<br>Technical informations: Colour, stereo, 16:9<br>Duration: 20min<\/p>\n\n\n\n<div class=\"wp-block-buttons is-content-justification-right is-layout-flex wp-container-core-buttons-is-layout-d445cf74 wp-block-buttons-is-layout-flex\">\n<div class=\"wp-block-button\"><a class=\"wp-block-button__link wp-element-button\" href=\"https:\/\/www.amazon.de\/gp\/video\/detail\/B0B8Q99NCC\/ref=atv_dp_share_cu_r\" target=\"_blank\" rel=\"noreferrer noopener\">Watch on Amazon Prime<\/a><\/div>\n<\/div>\n\n\n\n<div class=\"wp-block-stackable-text stk-block-text stk-block stk-043c3b3\" data-block-id=\"043c3b3\"><style>.stk-043c3b3{margin-bottom:22px !important}<\/style><p class=\"stk-block-text__text has-text-align-right\"><em>( This link leads to: www.amazon.de )<\/em><\/p><\/div>\n<\/div>\n\n\n\n<div class=\"wp-block-column is-layout-flow wp-block-column-is-layout-flow\" style=\"flex-basis:33.33%\">\n<figure class=\"wp-block-image size-large\"><img decoding=\"async\" width=\"691\" height=\"1024\" src=\"https:\/\/weissfeld.de\/wp-content\/uploads\/2023\/02\/photo_2023-02-17_15-35-15-691x1024.jpg\" alt=\"\" class=\"wp-image-132\" srcset=\"https:\/\/weissfeld.de\/wp-content\/uploads\/2023\/02\/photo_2023-02-17_15-35-15-691x1024.jpg 691w, https:\/\/weissfeld.de\/wp-content\/uploads\/2023\/02\/photo_2023-02-17_15-35-15-203x300.jpg 203w, https:\/\/weissfeld.de\/wp-content\/uploads\/2023\/02\/photo_2023-02-17_15-35-15-768x1138.jpg 768w, https:\/\/weissfeld.de\/wp-content\/uploads\/2023\/02\/photo_2023-02-17_15-35-15.jpg 864w\" sizes=\"(max-width: 691px) 100vw, 691px\" \/><\/figure>\n<\/div>\n<\/div>\n\n\n\n<pre class=\"wp-block-verse has-text-align-left has-small-font-size\">                                                   <\/pre>\n\n\n\n<figure class=\"wp-block-gallery alignfull has-nested-images columns-5 is-cropped wp-block-gallery-1 is-layout-flex wp-block-gallery-is-layout-flex\">\n<figure class=\"wp-block-image size-large\"><img decoding=\"async\" width=\"1024\" height=\"683\" data-id=\"65\" src=\"https:\/\/weissfeld.de\/wp-content\/uploads\/2023\/02\/368A5043-1024x683.jpg\" alt=\"\" class=\"wp-image-65\" srcset=\"https:\/\/weissfeld.de\/wp-content\/uploads\/2023\/02\/368A5043-1024x683.jpg 1024w, https:\/\/weissfeld.de\/wp-content\/uploads\/2023\/02\/368A5043-300x200.jpg 300w, https:\/\/weissfeld.de\/wp-content\/uploads\/2023\/02\/368A5043-768x512.jpg 768w, https:\/\/weissfeld.de\/wp-content\/uploads\/2023\/02\/368A5043-1536x1024.jpg 1536w, https:\/\/weissfeld.de\/wp-content\/uploads\/2023\/02\/368A5043-2048x1365.jpg 2048w\" sizes=\"(max-width: 1024px) 100vw, 1024px\" \/><\/figure>\n\n\n\n<figure class=\"wp-block-image size-large\"><img decoding=\"async\" width=\"1024\" height=\"683\" data-id=\"66\" src=\"https:\/\/weissfeld.de\/wp-content\/uploads\/2023\/02\/368A5008-1024x683.jpg\" alt=\"\" class=\"wp-image-66\" srcset=\"https:\/\/weissfeld.de\/wp-content\/uploads\/2023\/02\/368A5008-1024x683.jpg 1024w, https:\/\/weissfeld.de\/wp-content\/uploads\/2023\/02\/368A5008-300x200.jpg 300w, https:\/\/weissfeld.de\/wp-content\/uploads\/2023\/02\/368A5008-768x512.jpg 768w, https:\/\/weissfeld.de\/wp-content\/uploads\/2023\/02\/368A5008-1536x1024.jpg 1536w, https:\/\/weissfeld.de\/wp-content\/uploads\/2023\/02\/368A5008-2048x1365.jpg 2048w\" sizes=\"(max-width: 1024px) 100vw, 1024px\" \/><\/figure>\n\n\n\n<figure class=\"wp-block-image size-large\"><img decoding=\"async\" width=\"1024\" height=\"683\" data-id=\"67\" src=\"https:\/\/weissfeld.de\/wp-content\/uploads\/2023\/02\/368A4976-1024x683.jpg\" alt=\"\" class=\"wp-image-67\" srcset=\"https:\/\/weissfeld.de\/wp-content\/uploads\/2023\/02\/368A4976-1024x683.jpg 1024w, https:\/\/weissfeld.de\/wp-content\/uploads\/2023\/02\/368A4976-300x200.jpg 300w, https:\/\/weissfeld.de\/wp-content\/uploads\/2023\/02\/368A4976-768x512.jpg 768w, https:\/\/weissfeld.de\/wp-content\/uploads\/2023\/02\/368A4976-1536x1024.jpg 1536w, https:\/\/weissfeld.de\/wp-content\/uploads\/2023\/02\/368A4976-2048x1365.jpg 2048w\" sizes=\"(max-width: 1024px) 100vw, 1024px\" \/><\/figure>\n\n\n\n<figure class=\"wp-block-image size-large\"><img decoding=\"async\" width=\"1024\" height=\"683\" data-id=\"68\" src=\"https:\/\/weissfeld.de\/wp-content\/uploads\/2023\/02\/97-1024x683.jpg\" alt=\"\" class=\"wp-image-68\" srcset=\"https:\/\/weissfeld.de\/wp-content\/uploads\/2023\/02\/97-1024x683.jpg 1024w, https:\/\/weissfeld.de\/wp-content\/uploads\/2023\/02\/97-300x200.jpg 300w, https:\/\/weissfeld.de\/wp-content\/uploads\/2023\/02\/97-768x512.jpg 768w, https:\/\/weissfeld.de\/wp-content\/uploads\/2023\/02\/97-1536x1024.jpg 1536w, https:\/\/weissfeld.de\/wp-content\/uploads\/2023\/02\/97-2048x1365.jpg 2048w\" sizes=\"(max-width: 1024px) 100vw, 1024px\" \/><\/figure>\n\n\n\n<figure class=\"wp-block-image size-large\"><img decoding=\"async\" width=\"1024\" height=\"683\" data-id=\"69\" src=\"https:\/\/weissfeld.de\/wp-content\/uploads\/2023\/02\/368A4928-1024x683.jpg\" alt=\"\" class=\"wp-image-69\" srcset=\"https:\/\/weissfeld.de\/wp-content\/uploads\/2023\/02\/368A4928-1024x683.jpg 1024w, https:\/\/weissfeld.de\/wp-content\/uploads\/2023\/02\/368A4928-300x200.jpg 300w, https:\/\/weissfeld.de\/wp-content\/uploads\/2023\/02\/368A4928-768x512.jpg 768w, https:\/\/weissfeld.de\/wp-content\/uploads\/2023\/02\/368A4928-1536x1024.jpg 1536w, https:\/\/weissfeld.de\/wp-content\/uploads\/2023\/02\/368A4928-2048x1365.jpg 2048w\" sizes=\"(max-width: 1024px) 100vw, 1024px\" \/><\/figure>\n<\/figure>\n\n\n\n<h2 class=\"wp-block-heading\">Director's Comment<\/h2>\n\n\n\n<p>Almost all films and series shot under Corona conditions ignored the Covid pandemic in terms of content.<br><br>To this day I still wonder why that is. Took this as a hook and thought about it. I am reading an article reporting on how much Covid has affected and changed dating. That fitted me like a glove. On the one hand to process my active dating time before the Covid years, as well as to think about the current dating time. In addition, it quickly became clear that our protagonist would work as a freelance artist, because that way we could also incorporate experiences and fears that we felt from the lockdown into the film.<br><br>From the beginning it was clear, that we are going to make a satirical comedy, since I have never directed a real comedy in my film\/short film career.<\/p>\n\n\n\n<div style=\"height:100px\" aria-hidden=\"true\" class=\"wp-block-spacer\"><\/div>\n\n\n\n<h2 class=\"wp-block-heading has-text-align-center\">Teaser-Trailer<\/h2>\n\n\n\n<div class=\"wp-block-columns is-layout-flex wp-container-core-columns-is-layout-28f84493 wp-block-columns-is-layout-flex\">\n<div class=\"wp-block-column is-layout-flow wp-block-column-is-layout-flow\" style=\"flex-basis:25%\"><\/div>\n\n\n\n<div class=\"wp-block-column is-layout-flow wp-block-column-is-layout-flow\" style=\"flex-basis:50%\">\n<figure class=\"wp-block-video\"><video height=\"1080\" style=\"aspect-ratio: 1920 \/ 1080;\" width=\"1920\" controls poster=\"https:\/\/weissfeld.de\/wp-content\/uploads\/2023\/07\/Lieferandate-poster_16x9_unter-10mb-scaled.jpg\" src=\"https:\/\/weissfeld.de\/wp-content\/uploads\/2023\/07\/Lieferandate_Teaser_EngSub_1080p.mp4\"><\/video><\/figure>\n<\/div>\n\n\n\n<div class=\"wp-block-column is-layout-flow wp-block-column-is-layout-flow\" style=\"flex-basis:25%\"><\/div>\n<\/div>\n\n\n\n<div class=\"wp-block-columns are-vertically-aligned-center is-layout-flex wp-container-core-columns-is-layout-28f84493 wp-block-columns-is-layout-flex\">\n<div class=\"wp-block-column is-layout-flow wp-block-column-is-layout-flow\" style=\"flex-basis:80%\">\n<div class=\"wp-block-buttons is-content-justification-center is-layout-flex wp-container-core-buttons-is-layout-a89b3969 wp-block-buttons-is-layout-flex\">\n<div class=\"wp-block-button\"><a class=\"wp-block-button__link wp-element-button\" href=\"https:\/\/www.amazon.de\/gp\/video\/detail\/B0B8Q99NCC\/ref=atv_dp_share_cu_r\" target=\"_blank\" rel=\"noreferrer noopener\">Watch on Amazon Prime<\/a><\/div>\n\n\n\n<div class=\"wp-block-button\"><a class=\"wp-block-button__link wp-element-button\" href=\"https:\/\/weissfeld.de\/en\/kontakt\/\">Contact<\/a><\/div>\n<\/div>\n<\/div>\n<\/div>\n\n\n\n<pre class=\"wp-block-verse has-small-font-size\"><em>                                  (This link leads to amazon.de)<\/em><\/pre>\n\n\n\n<div style=\"height:100px\" aria-hidden=\"true\" class=\"wp-block-spacer\"><\/div>","protected":false},"excerpt":{"rendered":"<p>Synopsis Tag f\u00fcr Tag von Models umgeben &#8211; Jeden Abend auf einer anderen Party mit einer anderen Frau.Du lebst das Leben, wovon alle M\u00e4nner tr\u00e4umen &#8211; Doch dann kommt Corona und Lockdown.Vom Topmodel vor der Linse, zum Schnitzel-Foto f\u00fcr die Pommesbude um die Ecke. Und dann verdreht dir ausgerechnet die Lieferantin noch den Kopf.Lieferandate handelt [&hellip;]<\/p>\n","protected":false},"author":1,"featured_media":0,"parent":0,"menu_order":0,"comment_status":"closed","ping_status":"closed","template":"","meta":{"footnotes":""},"class_list":["post-61","page","type-page","status-publish","hentry"],"blocksy_meta":{"styles_descriptor":{"styles":{"desktop":"[data-prefix=\"single_page\"] .entry-header .page-title {--theme-font-size:30px;} [data-prefix=\"single_page\"] .entry-header .entry-meta {--theme-font-weight:600;--theme-text-transform:uppercase;--theme-font-size:12px;--theme-line-height:1.3;} [data-prefix=\"single_page\"] .hero-section[data-type=\"type-1\"] {--margin-bottom:40;}","tablet":"","mobile":""},"google_fonts":[],"version":6},"page_title_panel":"","has_hero_section":"enabled","e5375250375af501b54f7e1699172d54":"","hero_section":"type-1","hero_elements":[{"id":"custom_title","enabled":false,"heading_tag":"h1","title":"Startseite","__id":"AMWnwDP_394pBW8sml6yh"},{"id":"custom_description","enabled":false,"description_visibility":{"desktop":true,"tablet":true,"mobile":false},"__id":"mlU45lfvVCdqLiD7yoEJn"},{"id":"custom_meta","enabled":false,"meta_elements":[{"id":"author","enabled":true,"label":"Von","has_author_avatar":"yes","avatar_size":25},{"id":"post_date","enabled":true,"label":"Am","date_format_source":"default","date_format":"M j, Y"},{"id":"updated_date","enabled":false,"label":"Am","date_format_source":"default","date_format":"M j, Y"},{"id":"categories","enabled":false,"label":"In","style":"simple"},{"id":"comments","enabled":true}],"page_meta_elements":{"joined":true,"articles_count":true,"comments":true},"__id":"ybCUJE9IlW__YFyu1rvCC"},{"id":"breadcrumbs","enabled":false,"__id":"LpayodJMKQYXqp71oyL9A"}],"832b5a306bc682152ba2f532c674c968":"","hero_alignment1":"CT_CSS_SKIP_RULE","hero_margin":40,"hero_alignment2":"center","hero_vertical_alignment":"center","dcd6e31715ff88d011eeb34df3267055":"","hero_structure":"narrow","e73b3d9aa92c8648c308b7324081669f":"","page_title_bg_type":"featured_image","custom_hero_background":{"attachment_id":null},"page_title_image_size":"full","parallax":{"desktop":false,"tablet":false,"mobile":false},"b0c4fb5accd51e863c0d259c6eff6a15":"","hero_height":"250px","pageTitleFont":{"family":"Default","variation":"Default","size":"30px","line-height":"CT_CSS_SKIP_RULE","letter-spacing":"CT_CSS_SKIP_RULE","text-transform":"CT_CSS_SKIP_RULE","text-decoration":"CT_CSS_SKIP_RULE"},"pageTitleFontColor":{"default":{"color":"CT_CSS_SKIP_RULEDEFAULT"}},"pageMetaFont":{"family":"Default","variation":"n6","size":"12px","line-height":"1.3","letter-spacing":"CT_CSS_SKIP_RULE","text-transform":"uppercase","text-decoration":"CT_CSS_SKIP_RULE"},"pageMetaFontColor":{"default":{"color":"CT_CSS_SKIP_RULEDEFAULT"},"hover":{"color":"CT_CSS_SKIP_RULEDEFAULT"}},"page_meta_button_type_font_colors":{"default":{"color":"CT_CSS_SKIP_RULEDEFAULT"},"hover":{"color":"CT_CSS_SKIP_RULEDEFAULT"}},"page_meta_button_type_background_colors":{"default":{"color":"CT_CSS_SKIP_RULEDEFAULT"},"hover":{"color":"CT_CSS_SKIP_RULEDEFAULT"}},"pageExcerptFont":{"family":"Default","variation":"Default","size":"CT_CSS_SKIP_RULE","line-height":"CT_CSS_SKIP_RULE","letter-spacing":"CT_CSS_SKIP_RULE","text-transform":"CT_CSS_SKIP_RULE","text-decoration":"CT_CSS_SKIP_RULE"},"pageExcerptColor":{"default":{"color":"CT_CSS_SKIP_RULEDEFAULT"}},"breadcrumbsFont":{"family":"Default","variation":"Default","size":"CT_CSS_SKIP_RULE","line-height":"CT_CSS_SKIP_RULE","letter-spacing":"CT_CSS_SKIP_RULE","text-transform":"CT_CSS_SKIP_RULE","text-decoration":"CT_CSS_SKIP_RULE"},"breadcrumbsFontColor":{"default":{"color":"CT_CSS_SKIP_RULEDEFAULT"},"initial":{"color":"CT_CSS_SKIP_RULEDEFAULT"},"hover":{"color":"CT_CSS_SKIP_RULEDEFAULT"}},"pageTitleOverlay":{"background_type":"color","background_pattern":"type-1","background_image":{"attachment_id":null,"x":0,"y":0},"gradient":"linear-gradient(135deg,rgba(6,147,227,1) 0%,rgb(155,81,224) 100%)","background_repeat":"repeat","background_size":"auto","background_attachment":"scroll","patternColor":{"default":{"color":"#e5e7ea"}},"overlayColor":{"default":{"color":"CT_CSS_SKIP_RULE"}},"backgroundColor":{"default":{"color":"CT_CSS_SKIP_RULE"}}},"pageTitleBackground":{"background_type":"color","background_pattern":"type-1","background_image":{"attachment_id":null,"x":0,"y":0},"gradient":"linear-gradient(135deg,rgba(6,147,227,1) 0%,rgb(155,81,224) 100%)","background_repeat":"repeat","background_size":"auto","background_attachment":"scroll","patternColor":{"default":{"color":"#e5e7ea"}},"overlayColor":{"default":{"color":"CT_CSS_SKIP_RULE"}},"backgroundColor":{"default":{"color":"var(--theme-palette-color-6)"}}},"pageTitlePadding":{"top":"50px","bottom":"50px","left":"auto","right":"auto","linked":true},"c2d27ddaf8c87f658090c765c8e80ac2":"","page_structure_type":"default","fd667855fbfdbc75253adae4cc05b04a":"","content_style_source":"inherit","content_style":"wide","vertical_spacing_source":"inherit","content_area_spacing":"both","background":{"background_type":"color","background_pattern":"type-1","background_image":{"attachment_id":null,"x":0,"y":0},"gradient":"linear-gradient(135deg,rgba(6,147,227,1) 0%,rgb(155,81,224) 100%)","background_repeat":"repeat","background_size":"auto","background_attachment":"scroll","patternColor":{"default":{"color":"#e5e7ea"}},"overlayColor":{"default":{"color":"CT_CSS_SKIP_RULE"}},"backgroundColor":{"default":{"color":"CT_CSS_SKIP_RULE"}}},"content_background":{"background_type":"color","background_pattern":"type-1","background_image":{"attachment_id":null,"x":0,"y":0},"gradient":"linear-gradient(135deg,rgba(6,147,227,1) 0%,rgb(155,81,224) 100%)","background_repeat":"repeat","background_size":"auto","background_attachment":"scroll","patternColor":{"default":{"color":"#e5e7ea"}},"overlayColor":{"default":{"color":"CT_CSS_SKIP_RULE"}},"backgroundColor":{"default":{"color":"var(--theme-palette-color-8)"}}},"content_boxed_shadow":{"inherit":false,"blur":18,"spread":-6,"v_offset":12,"h_offset":0,"inset":false,"enable":true,"color":{"color":"rgba(34, 56, 101, 0.04)"}},"content_boxed_border":{"width":1,"style":"none","color":{"color":"rgba(44,62,80,0.2)"}},"content_boxed_radius":{"top":"3px","bottom":"3px","left":"3px","right":"3px","linked":true},"boxed_content_spacing":{"desktop":{"top":"40px","bottom":"40px","left":"40px","right":"40px","linked":true},"tablet":{"top":"35px","bottom":"35px","left":"35px","right":"35px","linked":true},"mobile":{"top":"20px","bottom":"20px","left":"20px","right":"20px","linked":true}},"9943405139c60ee85275f7d0f03f1684":"","disable_featured_image":"no","disable_share_box":"no","disable_header":"no","disable_footer":"no","19aa8f69494865eecf4aec772ac7dd75":"","3d8747ab60b5c3f4eba6e307d98e1ba0":"","6b659ae2439c0c43a7de5de4cd5ef3a9":"","6c377872be136f2e2c03b26b22f2e06f":"","51bb2dc88e270411c7017acf76ccc6f2":"","32bcfc3429925f3f92fbe04b18c0485f":"","64480cf4f6d7d789c531ac860e293c78":"","c7e70fe6fbc925fb4ea40f2f69ec4033":""},"_links":{"self":[{"href":"https:\/\/weissfeld.de\/en\/wp-json\/wp\/v2\/pages\/61","targetHints":{"allow":["GET"]}}],"collection":[{"href":"https:\/\/weissfeld.de\/en\/wp-json\/wp\/v2\/pages"}],"about":[{"href":"https:\/\/weissfeld.de\/en\/wp-json\/wp\/v2\/types\/page"}],"author":[{"embeddable":true,"href":"https:\/\/weissfeld.de\/en\/wp-json\/wp\/v2\/users\/1"}],"replies":[{"embeddable":true,"href":"https:\/\/weissfeld.de\/en\/wp-json\/wp\/v2\/comments?post=61"}],"version-history":[{"count":38,"href":"https:\/\/weissfeld.de\/en\/wp-json\/wp\/v2\/pages\/61\/revisions"}],"predecessor-version":[{"id":540,"href":"https:\/\/weissfeld.de\/en\/wp-json\/wp\/v2\/pages\/61\/revisions\/540"}],"wp:attachment":[{"href":"https:\/\/weissfeld.de\/en\/wp-json\/wp\/v2\/media?parent=61"}],"curies":[{"name":"wp","href":"https:\/\/api.w.org\/{rel}","templated":true}]}}