{"id":71,"date":"2023-02-12T13:48:07","date_gmt":"2023-02-12T13:48:07","guid":{"rendered":"http:\/\/weissfeld.de\/?page_id=71"},"modified":"2024-05-01T08:18:29","modified_gmt":"2024-05-01T08:18:29","slug":"dsfd","status":"publish","type":"page","link":"https:\/\/weissfeld.de\/en\/dsfd\/","title":{"rendered":"DSFD"},"content":{"rendered":"<div class=\"wp-block-cover alignfull\"><span aria-hidden=\"true\" class=\"wp-block-cover__background has-background-dim-10 has-background-dim\"><\/span><img decoding=\"async\" width=\"2560\" height=\"1707\" class=\"wp-block-cover__image-background wp-image-73\" alt=\"\" src=\"https:\/\/weissfeld.de\/wp-content\/uploads\/2023\/02\/P1036462-2-scaled.jpg\" data-object-fit=\"cover\" srcset=\"https:\/\/weissfeld.de\/wp-content\/uploads\/2023\/02\/P1036462-2-scaled.jpg 2560w, https:\/\/weissfeld.de\/wp-content\/uploads\/2023\/02\/P1036462-2-300x200.jpg 300w, https:\/\/weissfeld.de\/wp-content\/uploads\/2023\/02\/P1036462-2-1024x683.jpg 1024w, https:\/\/weissfeld.de\/wp-content\/uploads\/2023\/02\/P1036462-2-768x512.jpg 768w, https:\/\/weissfeld.de\/wp-content\/uploads\/2023\/02\/P1036462-2-1536x1024.jpg 1536w, https:\/\/weissfeld.de\/wp-content\/uploads\/2023\/02\/P1036462-2-2048x1365.jpg 2048w\" sizes=\"(max-width: 2560px) 100vw, 2560px\" \/><div class=\"wp-block-cover__inner-container is-layout-flow wp-block-cover-is-layout-flow\">\n<p class=\"has-text-align-center has-large-font-size\"><strong>\"Germany's worst football team\"<\/strong><\/p>\n<\/div><\/div>\n\n\n\n<div class=\"wp-block-columns is-layout-flex wp-container-core-columns-is-layout-28f84493 wp-block-columns-is-layout-flex\">\n<div class=\"wp-block-column is-vertically-aligned-center is-layout-flow wp-block-column-is-layout-flow\" style=\"flex-basis:66.66%\">\n<h2 class=\"wp-block-heading has-text-align-right\">Synopsis<\/h2>\n\n\n\n<p class=\"has-text-align-right translation-block\"><strong>This site is just available in German, because it's a German project in development. \u00a0<\/strong><br>- \n\nDie Sportvereinigung Burgbrohl verliert in der R\u00fcckrunde der Saison 16\/17 alle Spiele in der Fussball-Oberliga und kassiert in 15 Spielen \u00fcber 200 Gegentore. \nWie kam es dazu \u2013  und wieso meldete man nicht die Mannschaft vom Spielbetrieb ab, wenn offensichtlich sportlich nicht mitzuhalten war?\nDamit besch\u00e4ftigt sich der Spielfilm \u201cDie schlechteste Fussballmannschaft Deutschlands\u201d und erz\u00e4hlt eine Heldengeschichte von 11 Verlierern, welche sich sportlich verm\u00f6beln lassen, um den Fussball in ihrem Heimatdorf zu wahren.<\/p>\n\n\n\n<div class=\"wp-block-stackable-spacer stk-block-spacer stk--no-padding stk-block stk-5423d44\" data-block-id=\"5423d44\"><style>.stk-5423d44{height:5px !important}<\/style><\/div>\n\n\n\n<h2 class=\"wp-block-heading has-text-align-right\">Status<\/h2>\n\n\n\n<p class=\"has-text-align-right\"><strong>Entwicklungsphase<\/strong><br><em>Erste Drehbuchf\u00f6rderung von der Medienf\u00f6rderung Rheinland-Pfalz erhalten:<\/em><\/p>\n\n\n\n<div class=\"wp-block-buttons alignwide is-content-justification-right is-layout-flex wp-container-core-buttons-is-layout-c133f063 wp-block-buttons-is-layout-flex\">\n<div class=\"wp-block-button\"><a class=\"wp-block-button__link wp-element-button\" href=\"https:\/\/mf-rlp.de\/forderung\/die-schlechteste-fussballmannschaft-deutschlands\/\" target=\"_blank\" rel=\"noreferrer noopener\">LINK &#8222;DSFD&#8220; F\u00d6RDERZUSAGE MF-RLP<\/a><\/div>\n<\/div>\n<\/div>\n\n\n\n<div class=\"wp-block-column is-layout-flow wp-block-column-is-layout-flow\"><\/div>\n\n\n\n<div class=\"wp-block-column is-layout-flow wp-block-column-is-layout-flow\" style=\"flex-basis:33.33%\">\n<figure class=\"wp-block-image size-large\"><img decoding=\"async\" width=\"683\" height=\"1024\" src=\"https:\/\/weissfeld.de\/wp-content\/uploads\/2023\/02\/P1036616-1-2-683x1024.jpg\" alt=\"\" class=\"wp-image-93\" srcset=\"https:\/\/weissfeld.de\/wp-content\/uploads\/2023\/02\/P1036616-1-2-683x1024.jpg 683w, https:\/\/weissfeld.de\/wp-content\/uploads\/2023\/02\/P1036616-1-2-200x300.jpg 200w, https:\/\/weissfeld.de\/wp-content\/uploads\/2023\/02\/P1036616-1-2-768x1152.jpg 768w, https:\/\/weissfeld.de\/wp-content\/uploads\/2023\/02\/P1036616-1-2-1024x1536.jpg 1024w, https:\/\/weissfeld.de\/wp-content\/uploads\/2023\/02\/P1036616-1-2-1365x2048.jpg 1365w, https:\/\/weissfeld.de\/wp-content\/uploads\/2023\/02\/P1036616-1-2-scaled.jpg 1707w\" sizes=\"(max-width: 683px) 100vw, 683px\" \/><\/figure>\n<\/div>\n<\/div>\n\n\n\n<div class=\"wp-block-stackable-text stk-block-text stk-block stk-d6c77ec\" data-block-id=\"d6c77ec\"><p class=\"stk-block-text__text has-text-align-center\"><span style=\"color: #000000;\" class=\"stk-highlight\"><em>( Dieser Link f\u00fchrt zu: www.mf-rlp.de<\/em><\/span> )<\/p><\/div>\n\n\n\n<figure class=\"wp-block-gallery alignfull has-nested-images columns-5 is-cropped wp-block-gallery-1 is-layout-flex wp-block-gallery-is-layout-flex\">\n<figure class=\"wp-block-image size-large\"><img decoding=\"async\" width=\"1024\" height=\"683\" data-id=\"75\" src=\"https:\/\/weissfeld.de\/wp-content\/uploads\/2023\/02\/P1036567-1024x683.jpg\" alt=\"\" class=\"wp-image-75\" srcset=\"https:\/\/weissfeld.de\/wp-content\/uploads\/2023\/02\/P1036567-1024x683.jpg 1024w, https:\/\/weissfeld.de\/wp-content\/uploads\/2023\/02\/P1036567-300x200.jpg 300w, https:\/\/weissfeld.de\/wp-content\/uploads\/2023\/02\/P1036567-768x512.jpg 768w, https:\/\/weissfeld.de\/wp-content\/uploads\/2023\/02\/P1036567-1536x1024.jpg 1536w, https:\/\/weissfeld.de\/wp-content\/uploads\/2023\/02\/P1036567-2048x1365.jpg 2048w\" sizes=\"(max-width: 1024px) 100vw, 1024px\" \/><\/figure>\n\n\n\n<figure class=\"wp-block-image size-large\"><img decoding=\"async\" width=\"1024\" height=\"683\" data-id=\"79\" src=\"https:\/\/weissfeld.de\/wp-content\/uploads\/2023\/02\/P1036520-1-1-1024x683.jpg\" alt=\"\" class=\"wp-image-79\" srcset=\"https:\/\/weissfeld.de\/wp-content\/uploads\/2023\/02\/P1036520-1-1-1024x683.jpg 1024w, https:\/\/weissfeld.de\/wp-content\/uploads\/2023\/02\/P1036520-1-1-300x200.jpg 300w, https:\/\/weissfeld.de\/wp-content\/uploads\/2023\/02\/P1036520-1-1-768x512.jpg 768w, https:\/\/weissfeld.de\/wp-content\/uploads\/2023\/02\/P1036520-1-1-1536x1024.jpg 1536w, https:\/\/weissfeld.de\/wp-content\/uploads\/2023\/02\/P1036520-1-1-2048x1365.jpg 2048w\" sizes=\"(max-width: 1024px) 100vw, 1024px\" \/><\/figure>\n\n\n\n<figure class=\"wp-block-image size-large\"><img decoding=\"async\" width=\"1024\" height=\"683\" data-id=\"92\" src=\"https:\/\/weissfeld.de\/wp-content\/uploads\/2023\/02\/P1036638-1-1024x683.jpg\" alt=\"\" class=\"wp-image-92\" srcset=\"https:\/\/weissfeld.de\/wp-content\/uploads\/2023\/02\/P1036638-1-1024x683.jpg 1024w, https:\/\/weissfeld.de\/wp-content\/uploads\/2023\/02\/P1036638-1-300x200.jpg 300w, https:\/\/weissfeld.de\/wp-content\/uploads\/2023\/02\/P1036638-1-768x512.jpg 768w, https:\/\/weissfeld.de\/wp-content\/uploads\/2023\/02\/P1036638-1-1536x1024.jpg 1536w, https:\/\/weissfeld.de\/wp-content\/uploads\/2023\/02\/P1036638-1-2048x1365.jpg 2048w\" sizes=\"(max-width: 1024px) 100vw, 1024px\" \/><\/figure>\n\n\n\n<figure class=\"wp-block-image size-large\"><img decoding=\"async\" width=\"1024\" height=\"683\" data-id=\"81\" src=\"https:\/\/weissfeld.de\/wp-content\/uploads\/2023\/02\/P1036207-1-1024x683.jpg\" alt=\"\" class=\"wp-image-81\" srcset=\"https:\/\/weissfeld.de\/wp-content\/uploads\/2023\/02\/P1036207-1-1024x683.jpg 1024w, https:\/\/weissfeld.de\/wp-content\/uploads\/2023\/02\/P1036207-1-300x200.jpg 300w, https:\/\/weissfeld.de\/wp-content\/uploads\/2023\/02\/P1036207-1-768x512.jpg 768w, https:\/\/weissfeld.de\/wp-content\/uploads\/2023\/02\/P1036207-1-1536x1024.jpg 1536w, https:\/\/weissfeld.de\/wp-content\/uploads\/2023\/02\/P1036207-1-2048x1365.jpg 2048w\" sizes=\"(max-width: 1024px) 100vw, 1024px\" \/><\/figure>\n\n\n\n<figure class=\"wp-block-image size-large\"><img decoding=\"async\" width=\"1024\" height=\"683\" data-id=\"82\" src=\"https:\/\/weissfeld.de\/wp-content\/uploads\/2023\/02\/P1036183-1024x683.jpg\" alt=\"\" class=\"wp-image-82\" srcset=\"https:\/\/weissfeld.de\/wp-content\/uploads\/2023\/02\/P1036183-1024x683.jpg 1024w, https:\/\/weissfeld.de\/wp-content\/uploads\/2023\/02\/P1036183-300x200.jpg 300w, https:\/\/weissfeld.de\/wp-content\/uploads\/2023\/02\/P1036183-768x512.jpg 768w, https:\/\/weissfeld.de\/wp-content\/uploads\/2023\/02\/P1036183-1536x1024.jpg 1536w, https:\/\/weissfeld.de\/wp-content\/uploads\/2023\/02\/P1036183-2048x1365.jpg 2048w\" sizes=\"(max-width: 1024px) 100vw, 1024px\" \/><\/figure>\n<\/figure>\n\n\n\n<h2 class=\"wp-block-heading\">Director's Comment<\/h2>\n\n\n\n<p>Ich m\u00f6chte den Film erz\u00e4hlen, weil diese wahre Geschichte einfach eine so unglaublich tolle ist. Ein Film \u00fcber Zusammenhalt, trotz st\u00e4ndigen Verlierens ist einfach eine wahnsinnig romantische Story, weil man als Sportler, egal ob Profi oder Amateur, immer gewinnen will.<\/p>\n\n\n\n<p>Ich pers\u00f6nlich spiele Kreisliga-Fu\u00dfball in der untersten Spielklasse und auch mein Team ist wirklich schlecht. Ich kann mich also mit vielen Punkten mit den Charakteren identifizieren.<br>Zudem kenne ich jedes Klischee, jeden Spruch und auch interne Gespr\u00e4che und Konflikte innerhalb einer Mannschaft. Den Zusammenhalt und die Dynamiken in Kreisliga Truppen sind es Wert zu erz\u00e4hlen.<br>Zudem finde ich das Thema Integration beim Fussball ein wahnsinnig faszinierendes.&nbsp;<\/p>\n\n\n\n<p>Ich habe eine pers\u00f6nliche Erfahrung gemacht, welche mich bis heute gepr\u00e4gt hat.<br>Als ich mit meiner aus China stammenden Freundin vor ein paar Jahren in China war, hatte sie mich spontan \u00fcber einen Freund bei einem Fussball-Match angemeldet.&nbsp;<\/p>\n\n\n\n<p>Es war eindrucksvoll zu sehen, wie, die Kommunikation bestens funktioniert hat. Ohne dass die Fussballer ein Wort Englisch gesprochen haben, noch ich chinesisch, konnte man bestens miteinander spielen. \u00dcber K\u00f6rpersprache und Laute, auf dem Platz, aber auch wie die Aufstellung aussieht und in welchem System (4:4:2) man spielt, ging problemlos ohne Sprache.&nbsp;<\/p>\n\n\n\n<p>Das macht f\u00fcr mich die Faszination Fussball aus, dass nahezu jeder direkt einen Bezug dazu hat und in welcher Form auch immer Fussball uns immer wieder zusammen bringt.&nbsp;<\/p>\n\n\n\n<p>Dies wiederum ist eine Metapher f\u00fcr unsere komplette Gesellschaft, wenn man ein Ziel verfolgt und alle mitnimmt, ist es egal, welche Sprache, Herkunft oder Hautfarbe, jeder ist willkommen, der sich f\u00fcr die Gemeinschaft einsetzt. So ist auch der Torsch\u00fctze des einzigen Tors der Mannschaft ein rum\u00e4nischer Fl\u00fcchtling und bis heute ein gefeierter Held in Burgbrohl.<\/p>\n\n\n\n<h2 class=\"wp-block-heading\">Pitch-Teaser<\/h2>\n\n\n\n<figure class=\"wp-block-video\"><video height=\"1080\" style=\"aspect-ratio: 1920 \/ 1080;\" width=\"1920\" controls poster=\"https:\/\/weissfeld.de\/wp-content\/uploads\/2023\/09\/Promoscreen_GruenBreitbild-scaled.jpg\" src=\"https:\/\/weissfeld.de\/wp-content\/uploads\/2023\/09\/die_schlechteste_fussballmanschaft_deutschlands_-_pitch_trailer-Original.mp4\"><\/video><\/figure>\n\n\n\n<div class=\"wp-block-columns are-vertically-aligned-center is-layout-flex wp-container-core-columns-is-layout-28f84493 wp-block-columns-is-layout-flex\">\n<div class=\"wp-block-column is-vertically-aligned-center is-layout-flow wp-block-column-is-layout-flow\" style=\"flex-basis:33.34%\"><\/div>\n\n\n\n<div class=\"wp-block-column is-layout-flow wp-block-column-is-layout-flow\" style=\"flex-basis:80%\">\n<div class=\"wp-block-buttons is-content-justification-center is-layout-flex wp-container-core-buttons-is-layout-a89b3969 wp-block-buttons-is-layout-flex\">\n<div class=\"wp-block-button\"><a class=\"wp-block-button__link wp-element-button\" href=\"https:\/\/weissfeld.de\/en\/kontakt\/\">Contact<\/a><\/div>\n<\/div>\n<\/div>\n\n\n\n<div class=\"wp-block-column is-layout-flow wp-block-column-is-layout-flow\" style=\"flex-basis:33.33%\"><\/div>\n<\/div>\n\n\n\n<div style=\"height:100px\" aria-hidden=\"true\" class=\"wp-block-spacer\"><\/div>\n\n\n\n<div class=\"wp-block-buttons is-content-justification-center is-layout-flex wp-container-core-buttons-is-layout-a89b3969 wp-block-buttons-is-layout-flex\"><\/div>","protected":false},"excerpt":{"rendered":"<p>Synopsis Die Sportvereinigung Burgbrohl verliert in der R\u00fcckrunde der Saison 16\/17 alle Spiele in der Fussball-Oberliga und kassiert in\u00a015 Spielen \u00fcber 200 Gegentore.\u00a0Wie kam es dazu \u2013\u00a0 und wieso meldete man nicht die Mannschaft vom Spielbetrieb ab, wenn offensichtlich sportlich nicht mitzuhalten war?Damit besch\u00e4ftigt sich der Spielfilm\u00a0\u201cDie schlechteste Fussballmannschaft Deutschlands\u201d und erz\u00e4hlt eine Heldengeschichte von [&hellip;]<\/p>\n","protected":false},"author":1,"featured_media":0,"parent":0,"menu_order":0,"comment_status":"closed","ping_status":"closed","template":"","meta":{"footnotes":""},"class_list":["post-71","page","type-page","status-publish","hentry"],"blocksy_meta":{"styles_descriptor":{"styles":{"desktop":"[data-prefix=\"single_page\"] .entry-header .page-title {--theme-font-size:30px;} [data-prefix=\"single_page\"] .entry-header .entry-meta {--theme-font-weight:600;--theme-text-transform:uppercase;--theme-font-size:12px;--theme-line-height:1.3;} [data-prefix=\"single_page\"] .hero-section[data-type=\"type-1\"] {--margin-bottom:40;}","tablet":"","mobile":""},"google_fonts":[],"version":6},"page_title_panel":"","has_hero_section":"enabled","359f078eae823b629abb5746d86439f8":"","hero_section":"type-1","hero_elements":[{"id":"custom_title","enabled":false,"heading_tag":"h1","title":"Startseite","__id":"-fOGLRMp_kIRQYDQfXdbb"},{"id":"custom_description","enabled":false,"description_visibility":{"desktop":true,"tablet":true,"mobile":false},"__id":"hckVeTeXF2K1A5ATQ5MeL"},{"id":"custom_meta","enabled":false,"meta_elements":[{"id":"author","enabled":true,"label":"Von","has_author_avatar":"yes","avatar_size":25},{"id":"post_date","enabled":true,"label":"Am","date_format_source":"default","date_format":"M j, Y"},{"id":"updated_date","enabled":false,"label":"Am","date_format_source":"default","date_format":"M j, Y"},{"id":"categories","enabled":false,"label":"In","style":"simple"},{"id":"comments","enabled":true}],"page_meta_elements":{"joined":true,"articles_count":true,"comments":true},"__id":"_xCuTRUyaUr1KebgQYzcN"},{"id":"breadcrumbs","enabled":false,"__id":"CXSKnc6L1U8xog_2TS0YX"}],"b572dfe9c6114793f3ab6c1a52952c65":"","hero_alignment1":"CT_CSS_SKIP_RULE","hero_margin":40,"hero_alignment2":"center","hero_vertical_alignment":"center","88b09dbcc8599412609b7c9f237339c7":"","hero_structure":"narrow","08656e7df49c5f45c29d4f4417e71f45":"","page_title_bg_type":"featured_image","custom_hero_background":{"attachment_id":null},"page_title_image_size":"full","parallax":{"desktop":false,"tablet":false,"mobile":false},"30f017ea0e6a09c20b11e31b2cd501bb":"","hero_height":"250px","pageTitleFont":{"family":"Default","variation":"Default","size":"30px","line-height":"CT_CSS_SKIP_RULE","letter-spacing":"CT_CSS_SKIP_RULE","text-transform":"CT_CSS_SKIP_RULE","text-decoration":"CT_CSS_SKIP_RULE"},"pageTitleFontColor":{"default":{"color":"CT_CSS_SKIP_RULEDEFAULT"}},"pageMetaFont":{"family":"Default","variation":"n6","size":"12px","line-height":"1.3","letter-spacing":"CT_CSS_SKIP_RULE","text-transform":"uppercase","text-decoration":"CT_CSS_SKIP_RULE"},"pageMetaFontColor":{"default":{"color":"CT_CSS_SKIP_RULEDEFAULT"},"hover":{"color":"CT_CSS_SKIP_RULEDEFAULT"}},"page_meta_button_type_font_colors":{"default":{"color":"CT_CSS_SKIP_RULEDEFAULT"},"hover":{"color":"CT_CSS_SKIP_RULEDEFAULT"}},"page_meta_button_type_background_colors":{"default":{"color":"CT_CSS_SKIP_RULEDEFAULT"},"hover":{"color":"CT_CSS_SKIP_RULEDEFAULT"}},"pageExcerptFont":{"family":"Default","variation":"Default","size":"CT_CSS_SKIP_RULE","line-height":"CT_CSS_SKIP_RULE","letter-spacing":"CT_CSS_SKIP_RULE","text-transform":"CT_CSS_SKIP_RULE","text-decoration":"CT_CSS_SKIP_RULE"},"pageExcerptColor":{"default":{"color":"CT_CSS_SKIP_RULEDEFAULT"}},"breadcrumbsFont":{"family":"Default","variation":"Default","size":"CT_CSS_SKIP_RULE","line-height":"CT_CSS_SKIP_RULE","letter-spacing":"CT_CSS_SKIP_RULE","text-transform":"CT_CSS_SKIP_RULE","text-decoration":"CT_CSS_SKIP_RULE"},"breadcrumbsFontColor":{"default":{"color":"CT_CSS_SKIP_RULEDEFAULT"},"initial":{"color":"CT_CSS_SKIP_RULEDEFAULT"},"hover":{"color":"CT_CSS_SKIP_RULEDEFAULT"}},"pageTitleOverlay":{"background_type":"color","background_pattern":"type-1","background_image":{"attachment_id":null,"x":0,"y":0},"gradient":"linear-gradient(135deg,rgba(6,147,227,1) 0%,rgb(155,81,224) 100%)","background_repeat":"repeat","background_size":"auto","background_attachment":"scroll","patternColor":{"default":{"color":"#e5e7ea"}},"overlayColor":{"default":{"color":"CT_CSS_SKIP_RULE"}},"backgroundColor":{"default":{"color":"CT_CSS_SKIP_RULE"}}},"pageTitleBackground":{"background_type":"color","background_pattern":"type-1","background_image":{"attachment_id":null,"x":0,"y":0},"gradient":"linear-gradient(135deg,rgba(6,147,227,1) 0%,rgb(155,81,224) 100%)","background_repeat":"repeat","background_size":"auto","background_attachment":"scroll","patternColor":{"default":{"color":"#e5e7ea"}},"overlayColor":{"default":{"color":"CT_CSS_SKIP_RULE"}},"backgroundColor":{"default":{"color":"var(--theme-palette-color-6)"}}},"pageTitlePadding":{"top":"50px","bottom":"50px","left":"auto","right":"auto","linked":true},"4e1c1cd0b1d0853dd92730e0c3194dd8":"","page_structure_type":"default","57dc65e0a05251c6307f52a5f3d4f6e8":"","content_style_source":"inherit","content_style":"wide","vertical_spacing_source":"inherit","content_area_spacing":"both","background":{"background_type":"color","background_pattern":"type-1","background_image":{"attachment_id":null,"x":0,"y":0},"gradient":"linear-gradient(135deg,rgba(6,147,227,1) 0%,rgb(155,81,224) 100%)","background_repeat":"repeat","background_size":"auto","background_attachment":"scroll","patternColor":{"default":{"color":"#e5e7ea"}},"overlayColor":{"default":{"color":"CT_CSS_SKIP_RULE"}},"backgroundColor":{"default":{"color":"CT_CSS_SKIP_RULE"}}},"content_background":{"background_type":"color","background_pattern":"type-1","background_image":{"attachment_id":null,"x":0,"y":0},"gradient":"linear-gradient(135deg,rgba(6,147,227,1) 0%,rgb(155,81,224) 100%)","background_repeat":"repeat","background_size":"auto","background_attachment":"scroll","patternColor":{"default":{"color":"#e5e7ea"}},"overlayColor":{"default":{"color":"CT_CSS_SKIP_RULE"}},"backgroundColor":{"default":{"color":"var(--theme-palette-color-8)"}}},"content_boxed_shadow":{"inherit":false,"blur":18,"spread":-6,"v_offset":12,"h_offset":0,"inset":false,"enable":true,"color":{"color":"rgba(34, 56, 101, 0.04)"}},"content_boxed_border":{"width":1,"style":"none","color":{"color":"rgba(44,62,80,0.2)"}},"content_boxed_radius":{"top":"3px","bottom":"3px","left":"3px","right":"3px","linked":true},"boxed_content_spacing":{"desktop":{"top":"40px","bottom":"40px","left":"40px","right":"40px","linked":true},"tablet":{"top":"35px","bottom":"35px","left":"35px","right":"35px","linked":true},"mobile":{"top":"20px","bottom":"20px","left":"20px","right":"20px","linked":true}},"2d385be327c98432685f0352aa6a2217":"","disable_featured_image":"no","disable_share_box":"no","disable_header":"no","disable_footer":"no","c8ff2437169400e83859263e9552451c":"","3a515df605bd793a4e4a52a42c0ae2cb":"","2c92f2f17fa9901a1f8aae18f03f6ff3":"","9a45d8454c76ba3f7337d53dfa12015e":"","864a80b64b1bd3408a6aa0c7bbae87c1":"","3a3aba66d47ef34c46222f1df246dc4a":"","b9dd1d6b63c763fe71ab0233c041b03e":"","0e4669fef56ce1221fb7b2050864ee40":""},"_links":{"self":[{"href":"https:\/\/weissfeld.de\/en\/wp-json\/wp\/v2\/pages\/71","targetHints":{"allow":["GET"]}}],"collection":[{"href":"https:\/\/weissfeld.de\/en\/wp-json\/wp\/v2\/pages"}],"about":[{"href":"https:\/\/weissfeld.de\/en\/wp-json\/wp\/v2\/types\/page"}],"author":[{"embeddable":true,"href":"https:\/\/weissfeld.de\/en\/wp-json\/wp\/v2\/users\/1"}],"replies":[{"embeddable":true,"href":"https:\/\/weissfeld.de\/en\/wp-json\/wp\/v2\/comments?post=71"}],"version-history":[{"count":22,"href":"https:\/\/weissfeld.de\/en\/wp-json\/wp\/v2\/pages\/71\/revisions"}],"predecessor-version":[{"id":376,"href":"https:\/\/weissfeld.de\/en\/wp-json\/wp\/v2\/pages\/71\/revisions\/376"}],"wp:attachment":[{"href":"https:\/\/weissfeld.de\/en\/wp-json\/wp\/v2\/media?parent=71"}],"curies":[{"name":"wp","href":"https:\/\/api.w.org\/{rel}","templated":true}]}}